{"id":12554,"date":"2019-02-26T11:09:44","date_gmt":"2019-02-26T10:09:44","guid":{"rendered":"http:\/\/www.scuolarenatofucini.edu.it\/site\/?page_id=12554"},"modified":"2019-03-11T12:01:59","modified_gmt":"2019-03-11T11:01:59","slug":"inclusione","status":"publish","type":"page","link":"https:\/\/www.scuolarenatofucini.edu.it\/site\/inclusione\/","title":{"rendered":"Inclusione"},"content":{"rendered":"\t\t<div data-elementor-type=\"wp-post\" data-elementor-id=\"12554\" class=\"elementor elementor-12554 elementor-bc-flex-widget\" data-elementor-settings=\"[]\">\n\t\t\t\t\t\t<div class=\"elementor-inner\">\n\t\t\t\t\t\t\t<div class=\"elementor-section-wrap\">\n\t\t\t\t\t\t\t<section class=\"elementor-section elementor-top-section elementor-element elementor-element-6e91da6 elementor-section-boxed elementor-section-height-default elementor-section-height-default\" data-id=\"6e91da6\" data-element_type=\"section\">\n\t\t\t\t\t\t<div class=\"elementor-container elementor-column-gap-default\">\n\t\t\t\t\t\t\t<div class=\"elementor-row\">\n\t\t\t\t\t<div class=\"elementor-column elementor-col-100 elementor-top-column elementor-element elementor-element-5a6e64b\" data-id=\"5a6e64b\" data-element_type=\"column\">\n\t\t\t<div class=\"elementor-column-wrap elementor-element-populated\">\n\t\t\t\t\t\t\t<div class=\"elementor-widget-wrap\">\n\t\t\t\t\t\t<div class=\"elementor-element elementor-element-1796b0e elementor-widget elementor-widget-spacer\" data-id=\"1796b0e\" data-element_type=\"widget\" data-widget_type=\"spacer.default\">\n\t\t\t\t<div class=\"elementor-widget-container\">\n\t\t\t\t\t<div class=\"elementor-spacer\">\n\t\t\t<div class=\"elementor-spacer-inner\"><\/div>\n\t\t<\/div>\n\t\t\t\t<\/div>\n\t\t\t\t<\/div>\n\t\t\t\t<div class=\"elementor-element elementor-element-64fa77d elementor-widget elementor-widget-text-editor\" data-id=\"64fa77d\" data-element_type=\"widget\" data-widget_type=\"text-editor.default\">\n\t\t\t\t<div class=\"elementor-widget-container\">\n\t\t\t\t\t\t\t\t<div class=\"elementor-text-editor elementor-clearfix\">\n\t\t\t\t<div class=\"fusion-text\"><div class=\"fusion-row\"><section id=\"content\" class=\"full-width\"><div id=\"post-990\" class=\"post-990 page type-page status-publish hentry\"><div class=\"post-content\"><div class=\"fusion-fullwidth fullwidth-box nonhundred-percent-fullwidth non-hundred-percent-height-scrolling\"><div class=\"fusion-builder-row fusion-row \"><div class=\"fusion-layout-column fusion_builder_column fusion_builder_column_1_1 fusion-one-full fusion-column-first fusion-column-last 1_1\"><div class=\"fusion-column-wrapper\" data-bg-url=\"\"><div class=\"fusion-text\"><p>Con la sigla\u00a0<strong>BES<\/strong>\u00a0si fa riferimento ai\u00a0<em>Bisogni Educativi Speciali<\/em>\u00a0portati da tutti quegli alunni che presentano difficolt\u00e0 richiedenti interventi individualizzati non obbligatoriamente supportati da una diagnosi medica e\/o psicologica, ma comunque riferiti a situazioni di difficolt\u00e0 tali da far prefigurare un intervento mirato e personalizzato. Il panorama dei bisogni \u00e8 molto ampio, non si riferisce solo a cause specifiche, la loro natura non \u00e8 stabile nel tempo poich\u00e9 possono venire meno o essere superati. Si pu\u00f2 trattare di svantaggio sociale e culturale, di disturbi specifici di apprendimento e\/o di disturbi evolutivi specifici, di difficolt\u00e0 derivanti dalla non conoscenza della cultura e della lingua italiana in bambini appartenenti a culture diverse. Le linee di intervento vengono declinate in ordine alle diverse tipologie. Gli alunni che mostrano di avere Bisogni Educativi Speciali sono quantificati intorno al 10\u201015% del totale, mentre quelli in possesso di una certificazione, individuati storicamente come diversamente abili, da una tradizione pedagogica che ci ha caratterizzato nel mondo, il 2\u20103%. L\u2019insieme dei provvedimenti adottati chiarisce come la presa in carico dei BES debba essere al centro dell\u2019attenzione e dello sforzo congiunto della scuola e della famiglia.<\/p><\/div><p><div class='w3eden'><!-- WPDM Link Template: Default Template -->\n\n<div class=\"link-template-default card mb-2\">\n    <div class=\"card-body\">\n        <div class=\"media\">\n            <div class=\"mr-3 img-48\"><img class=\"wpdm_icon\" alt=\"Icona\"   src=\"https:\/\/www.scuolarenatofucini.edu.it\/site\/wp-content\/plugins\/download-manager\/assets\/file-type-icons\/pdf.svg\" \/><\/div>\n            <div class=\"media-body\">\n                <h3 class=\"package-title\"><a href='https:\/\/www.scuolarenatofucini.edu.it\/site\/download\/piano-annuale-per-linclusione-a-s-2018-2019\/'>Piano Annuale per l\u2019Inclusione a.s. 2021-2022<\/a><\/h3>\n                <div class=\"text-muted text-small\"><i class=\"fas fa-copy\"><\/i> 1 file(s) <i class=\"fas fa-hdd ml-3\"><\/i> 331.11 KB<\/div>\n            <\/div>\n            <div class=\"ml-3\">\n                <a class='wpdm-download-link download-on-click btn btn-primary ' rel='nofollow' href='#' data-downloadurl=\"https:\/\/www.scuolarenatofucini.edu.it\/site\/download\/piano-annuale-per-linclusione-a-s-2018-2019\/?wpdmdl=12629&#038;refresh=6405b729c38351678096169\">Scarica<\/a>\n            <\/div>\n        <\/div>\n    <\/div>\n<\/div>\n\n<\/div><\/p><\/div><\/div><\/div><\/div><\/div><\/div><\/section><\/div><\/div>\t\t\t\t\t<\/div>\n\t\t\t\t\t\t<\/div>\n\t\t\t\t<\/div>\n\t\t\t\t\t\t<\/div>\n\t\t\t\t\t<\/div>\n\t\t<\/div>\n\t\t\t\t\t\t\t\t<\/div>\n\t\t\t\t\t<\/div>\n\t\t<\/section>\n\t\t\t\t<section class=\"elementor-section elementor-top-section elementor-element elementor-element-47fd865 elementor-section-full_width elementor-section-height-default elementor-section-height-default\" data-id=\"47fd865\" data-element_type=\"section\">\n\t\t\t\t\t\t<div class=\"elementor-container elementor-column-gap-default\">\n\t\t\t\t\t\t\t<div class=\"elementor-row\">\n\t\t\t\t\t<div class=\"elementor-column elementor-col-100 elementor-top-column elementor-element elementor-element-2bdfcdc\" data-id=\"2bdfcdc\" data-element_type=\"column\">\n\t\t\t<div class=\"elementor-column-wrap elementor-element-populated\">\n\t\t\t\t\t\t\t<div class=\"elementor-widget-wrap\">\n\t\t\t\t\t\t<div class=\"elementor-element elementor-element-590c236 elementor-widget elementor-widget-template\" data-id=\"590c236\" data-element_type=\"widget\" data-widget_type=\"template.default\">\n\t\t\t\t<div class=\"elementor-widget-container\">\n\t\t\t\t\t<div class=\"elementor-template\">\n\t\t\t\t\t<div data-elementor-type=\"page\" data-elementor-id=\"12372\" class=\"elementor elementor-12372\" data-elementor-settings=\"[]\">\n\t\t\t\t\t\t<div class=\"elementor-inner\">\n\t\t\t\t\t\t\t<div class=\"elementor-section-wrap\">\n\t\t\t\t\t\t\t<section class=\"elementor-section elementor-top-section elementor-element elementor-element-25fdda5e elementor-section-boxed elementor-section-height-default elementor-section-height-default\" data-id=\"25fdda5e\" data-element_type=\"section\" data-settings=\"{&quot;background_background&quot;:&quot;classic&quot;}\">\n\t\t\t\t\t\t<div class=\"elementor-container elementor-column-gap-default\">\n\t\t\t\t\t\t\t<div class=\"elementor-row\">\n\t\t\t\t\t<div class=\"elementor-column elementor-col-100 elementor-top-column elementor-element elementor-element-527df67e\" data-id=\"527df67e\" data-element_type=\"column\" data-settings=\"{&quot;background_background&quot;:&quot;classic&quot;}\">\n\t\t\t<div class=\"elementor-column-wrap elementor-element-populated\">\n\t\t\t\t\t\t\t<div class=\"elementor-widget-wrap\">\n\t\t\t\t\t\t<div class=\"elementor-element elementor-element-22622be6 elementor-widget elementor-widget-spacer\" data-id=\"22622be6\" data-element_type=\"widget\" data-widget_type=\"spacer.default\">\n\t\t\t\t<div class=\"elementor-widget-container\">\n\t\t\t\t\t<div class=\"elementor-spacer\">\n\t\t\t<div class=\"elementor-spacer-inner\"><\/div>\n\t\t<\/div>\n\t\t\t\t<\/div>\n\t\t\t\t<\/div>\n\t\t\t\t<div class=\"elementor-element elementor-element-5bacc60 elementor-widget elementor-widget-heading\" data-id=\"5bacc60\" data-element_type=\"widget\" data-widget_type=\"heading.default\">\n\t\t\t\t<div class=\"elementor-widget-container\">\n\t\t\t<h2 class=\"elementor-heading-title elementor-size-default\">COLLEGAMENTI ISTITUZIONALI<\/h2>\t\t<\/div>\n\t\t\t\t<\/div>\n\t\t\t\t<div class=\"elementor-element elementor-element-6ffa6239 elementor-skin-carousel elementor-pagination-type-bullets elementor-pagination-position-outside elementor-widget elementor-widget-media-carousel\" data-id=\"6ffa6239\" data-element_type=\"widget\" data-settings=\"{&quot;slides_per_view&quot;:&quot;4&quot;,&quot;slides_to_scroll&quot;:&quot;1&quot;,&quot;slides_per_view_tablet&quot;:&quot;2&quot;,&quot;slides_per_view_mobile&quot;:&quot;2&quot;,&quot;skin&quot;:&quot;carousel&quot;,&quot;effect&quot;:&quot;slide&quot;,&quot;pagination&quot;:&quot;bullets&quot;,&quot;speed&quot;:500,&quot;autoplay&quot;:&quot;yes&quot;,&quot;autoplay_speed&quot;:5000,&quot;loop&quot;:&quot;yes&quot;,&quot;pause_on_hover&quot;:&quot;yes&quot;,&quot;pause_on_interaction&quot;:&quot;yes&quot;,&quot;space_between&quot;:{&quot;unit&quot;:&quot;px&quot;,&quot;size&quot;:10,&quot;sizes&quot;:[]},&quot;space_between_tablet&quot;:{&quot;unit&quot;:&quot;px&quot;,&quot;size&quot;:10,&quot;sizes&quot;:[]},&quot;space_between_mobile&quot;:{&quot;unit&quot;:&quot;px&quot;,&quot;size&quot;:10,&quot;sizes&quot;:[]}}\" data-widget_type=\"media-carousel.default\">\n\t\t\t\t<div class=\"elementor-widget-container\">\n\t\t\t\t\t<div class=\"elementor-swiper\">\n\t\t\t<div class=\"elementor-main-swiper swiper-container\">\n\t\t\t\t<div class=\"swiper-wrapper\">\n\t\t\t\t\t\t\t\t\t\t\t<div class=\"swiper-slide\">\n\t\t\t\t\t\t\t<a href=\"http:\/\/trasparenza-pa.net\/?codcli=SG27736\" target=\"_blank\">\t\t<div class=\"elementor-carousel-image\" style=\"background-image: url(https:\/\/www.scuolarenatofucini.edu.it\/site\/wp-content\/uploads\/2019\/02\/amm-trasparente-1.jpg)\">\n\t\t\t\t\t<\/div>\n\t\t<\/a>\t\t\t\t\t\t<\/div>\n\t\t\t\t\t\t\t\t\t\t\t<div class=\"swiper-slide\">\n\t\t\t\t\t\t\t<a href=\"http:\/\/www.sg27736.scuolanext.info\/\" target=\"_blank\">\t\t<div class=\"elementor-carousel-image\" style=\"background-image: url(https:\/\/www.scuolarenatofucini.edu.it\/site\/wp-content\/uploads\/2019\/02\/Argo-famiglie.jpg)\">\n\t\t\t\t\t<\/div>\n\t\t<\/a>\t\t\t\t\t\t<\/div>\n\t\t\t\t\t\t\t\t\t\t\t<div class=\"swiper-slide\">\n\t\t\t\t\t\t\t<a href=\"https:\/\/www.portaleargo.it\/auth\/sso\/login\/?login_challenge=e01b2a8bd3d341fca6c23278a72c68aa\" target=\"_blank\">\t\t<div class=\"elementor-carousel-image\" style=\"background-image: url(https:\/\/www.scuolarenatofucini.edu.it\/site\/wp-content\/uploads\/2019\/02\/Banner-scuolanext.jpg)\">\n\t\t\t\t\t<\/div>\n\t\t<\/a>\t\t\t\t\t\t<\/div>\n\t\t\t\t\t\t\t\t\t\t\t<div class=\"swiper-slide\">\n\t\t\t\t\t\t\t<a href=\"https:\/\/www.scuolarenatofucini.edu.it\/site\/albo-pretorio\/#\" target=\"_blank\">\t\t<div class=\"elementor-carousel-image\" style=\"background-image: url(https:\/\/www.scuolarenatofucini.edu.it\/site\/wp-content\/uploads\/2019\/02\/albo-online-1.jpg)\">\n\t\t\t\t\t<\/div>\n\t\t<\/a>\t\t\t\t\t\t<\/div>\n\t\t\t\t\t\t\t\t\t<\/div>\n\t\t\t\t\t\t\t\t\t\t\t\t\t\t\t<div class=\"swiper-pagination\"><\/div>\n\t\t\t\t\t\t\t\t\t\t\t\t\t\t\t\t\t<\/div>\n\t\t<\/div>\n\t\t\t\t<\/div>\n\t\t\t\t<\/div>\n\t\t\t\t<div class=\"elementor-element elementor-element-31e0492a elementor-widget-divider--view-line elementor-widget elementor-widget-divider\" data-id=\"31e0492a\" data-element_type=\"widget\" data-widget_type=\"divider.default\">\n\t\t\t\t<div class=\"elementor-widget-container\">\n\t\t\t\t\t<div class=\"elementor-divider\">\n\t\t\t<span class=\"elementor-divider-separator\">\n\t\t\t\t\t\t<\/span>\n\t\t<\/div>\n\t\t\t\t<\/div>\n\t\t\t\t<\/div>\n\t\t\t\t<section class=\"elementor-section elementor-inner-section elementor-element elementor-element-1deb6b4 elementor-section-full_width elementor-section-height-default elementor-section-height-default\" data-id=\"1deb6b4\" data-element_type=\"section\" data-settings=\"{&quot;background_background&quot;:&quot;classic&quot;}\">\n\t\t\t\t\t\t<div class=\"elementor-container elementor-column-gap-default\">\n\t\t\t\t\t\t\t<div class=\"elementor-row\">\n\t\t\t\t\t<div class=\"elementor-column elementor-col-100 elementor-inner-column elementor-element elementor-element-27965f3e\" data-id=\"27965f3e\" data-element_type=\"column\">\n\t\t\t<div class=\"elementor-column-wrap elementor-element-populated\">\n\t\t\t\t\t\t\t<div class=\"elementor-widget-wrap\">\n\t\t\t\t\t\t<div class=\"elementor-element elementor-element-1eefd58 elementor-widget elementor-widget-lae-carousel\" data-id=\"1eefd58\" data-element_type=\"widget\" data-widget_type=\"lae-carousel.default\">\n\t\t\t\t<div class=\"elementor-widget-container\">\n\t\t\t\n\n    <div id=\"lae-carousel-1eefd58\"\n                            class=\"lae-carousel lae-container\"\n                            data-settings='{\"arrows\":true,\"dots\":false,\"autoplay\":false,\"autoplay_speed\":3000,\"animation_speed\":300,\"pause_on_hover\":true,\"display_columns\":4,\"scroll_columns\":2,\"gutter\":{\"unit\":\"px\",\"size\":10,\"sizes\":[]},\"tablet_width\":800,\"tablet_display_columns\":2,\"tablet_scroll_columns\":2,\"mobile_width\":480,\"mobile_display_columns\":1,\"mobile_scroll_columns\":1}'>\n\n        \n            \n            \n<div class=\"lae-carousel-item\">\n\n    <p style=\"text-align: center;\"><a href=\"http:\/\/cercalatuascuola.istruzione.it\/cercalatuascuola\/istituti\/NAMM0AZ003\/fucini-roncalli-gragnano\/\" target=\"_blank\" rel=\"noopener\"><img loading=\"lazy\" class=\"aligncenter wp-image-12434 size-full\" src=\"http:\/\/www.scuolarenatofucini.edu.it\/site\/wp-content\/uploads\/2019\/02\/scuola-inchiaro.jpg\" alt=\"\" width=\"280\" height=\"120\" \/><\/a><\/p>\n<\/div><!-- .lae-carousel-item -->\n        \n            \n            \n<div class=\"lae-carousel-item\">\n\n    <p style=\"text-align: center;\"><a href=\"http:\/\/www.scuolarenatofucini.edu.it\/site\/pon-2\/\" target=\"_blank\" rel=\"noopener\"><img loading=\"lazy\" class=\"alignnone wp-image-11920 size-full\" src=\"http:\/\/www.scuolarenatofucini.edu.it\/site\/wp-content\/uploads\/2019\/01\/Banner-Pon-New.jpg\" alt=\"\" width=\"280\" height=\"120\" \/><\/a><\/p>\n<\/div><!-- .lae-carousel-item -->\n        \n            \n            \n<div class=\"lae-carousel-item\">\n\n    <p style=\"text-align: center;\"><a href=\"http:\/\/bussola.magellanopa.it\/home.html\" target=\"_blank\" rel=\"noopener\"><img loading=\"lazy\" class=\"aligncenter wp-image-11911 size-full\" src=\"http:\/\/www.scuolarenatofucini.edu.it\/site\/wp-content\/uploads\/2019\/01\/bussola-trasparenza.jpg\" alt=\"\" width=\"280\" height=\"120\" \/><\/a><\/p>\n<\/div><!-- .lae-carousel-item -->\n        \n            \n            \n<div class=\"lae-carousel-item\">\n\n    <p style=\"text-align: center;\"><a href=\"http:\/\/www.miur.gov.it\/\" target=\"_blank\" rel=\"noopener\"><img loading=\"lazy\" class=\"alignnone wp-image-11914 size-full\" src=\"http:\/\/www.scuolarenatofucini.edu.it\/site\/wp-content\/uploads\/2019\/01\/miur.jpg\" alt=\"\" width=\"280\" height=\"120\" \/><\/a><\/p>\n<\/div><!-- .lae-carousel-item -->\n        \n            \n            \n<div class=\"lae-carousel-item\">\n\n    <p style=\"text-align: center;\"><a href=\"https:\/\/www.istruzione.it\/iscrizionionline\/\" target=\"_blank\" rel=\"noopener\"><img loading=\"lazy\" class=\"aligncenter wp-image-11910 size-full\" src=\"https:\/\/www.scuolarenatofucini.edu.it\/site\/wp-content\/uploads\/2019\/01\/Banner-iscrizioni.jpg\" alt=\"\" width=\"280\" height=\"120\" \/><\/a><\/p>\n<\/div><!-- .lae-carousel-item -->\n        \n            \n            \n<div class=\"lae-carousel-item\">\n\n    <p style=\"text-align: center;\"><a href=\"https:\/\/scuola.repubblica.it\/campania-napoli-smsfucini\/\" target=\"_blank\" rel=\"noopener\"><img loading=\"lazy\" class=\"aligncenter wp-image-12436 size-full\" src=\"http:\/\/www.scuolarenatofucini.edu.it\/site\/wp-content\/uploads\/2019\/02\/la-repubblica.jpg\" alt=\"\" width=\"280\" height=\"120\" \/><\/a><\/p>\n<\/div><!-- .lae-carousel-item -->\n        \n            \n            \n<div class=\"lae-carousel-item\">\n\n    <p><a href=\"http:\/\/www.scuolarenatofucini.edu.it\/site\/programma-operativo-regionale-fse-2014-2020\/\" target=\"_blank\" rel=\"noopener\"><img loading=\"lazy\" class=\"alignnone wp-image-12778 size-full\" src=\"http:\/\/www.scuolarenatofucini.edu.it\/site\/wp-content\/uploads\/2019\/03\/FSE.jpg\" alt=\"\" width=\"280\" height=\"120\" \/><\/a><\/p>\n<\/div><!-- .lae-carousel-item -->\n        \n            \n            \n<div class=\"lae-carousel-item\">\n\n    <p><a href=\"http:\/\/www.scuolarenatofucini.edu.it\/site\/etwinning-school\/\"><img loading=\"lazy\" class=\"alignnone wp-image-13006 size-full\" src=\"http:\/\/www.scuolarenatofucini.edu.it\/site\/wp-content\/uploads\/2019\/03\/Etwinning.jpg\" alt=\"\" width=\"280\" height=\"120\" \/><\/a><\/p>\n<\/div><!-- .lae-carousel-item -->\n        \n            \n            \n<div class=\"lae-carousel-item\">\n\n    <p><a href=\"https:\/\/www.segreteriacloud.eu\/fucini\/login.php\"><img loading=\"lazy\" class=\"alignnone wp-image-13082 size-full\" src=\"http:\/\/www.scuolarenatofucini.edu.it\/site\/wp-content\/uploads\/2019\/03\/Segreteria-Cloud.jpg\" alt=\"\" width=\"280\" height=\"120\" \/><\/a><\/p>\n<\/div><!-- .lae-carousel-item -->\n        \n    <\/div><!-- .lae-carousel -->\n\n\t\t<\/div>\n\t\t\t\t<\/div>\n\t\t\t\t\t\t<\/div>\n\t\t\t\t\t<\/div>\n\t\t<\/div>\n\t\t\t\t\t\t\t\t<\/div>\n\t\t\t\t\t<\/div>\n\t\t<\/section>\n\t\t\t\t\t\t<\/div>\n\t\t\t\t\t<\/div>\n\t\t<\/div>\n\t\t\t\t\t\t\t\t<\/div>\n\t\t\t\t\t<\/div>\n\t\t<\/section>\n\t\t\t\t\t\t<\/div>\n\t\t\t\t\t\t<\/div>\n\t\t\t\t\t<\/div>\n\t\t\t\t<\/div>\n\t\t\t\t<\/div>\n\t\t\t\t<\/div>\n\t\t\t\t\t\t<\/div>\n\t\t\t\t\t<\/div>\n\t\t<\/div>\n\t\t\t\t\t\t\t\t<\/div>\n\t\t\t\t\t<\/div>\n\t\t<\/section>\n\t\t\t\t\t\t<\/div>\n\t\t\t\t\t\t<\/div>\n\t\t\t\t\t<\/div>\n\t\t","protected":false},"excerpt":{"rendered":"<p>Con la sigla\u00a0BES\u00a0si fa riferimento ai\u00a0Bisogni Educativi Speciali\u00a0portati da tutti quegli alunni che presentano difficolt\u00e0 richiedenti interventi individualizzati non obbligatoriamente supportati da una diagnosi medica e\/o psicologica, ma comunque riferiti a situazioni di difficolt\u00e0 tali da far prefigurare un intervento mirato e personalizzato. Il panorama dei bisogni \u00e8 molto ampio, non si riferisce solo a [&hellip;]<\/p>\n","protected":false},"author":1,"featured_media":0,"parent":0,"menu_order":0,"comment_status":"closed","ping_status":"closed","template":"","meta":[],"yoast_head":"<!-- This site is optimized with the Yoast SEO plugin v18.4.1 - https:\/\/yoast.com\/wordpress\/plugins\/seo\/ -->\n<title>Inclusione - Scuola Fucini Roncalli<\/title>\n<meta name=\"robots\" content=\"index, follow, max-snippet:-1, max-image-preview:large, max-video-preview:-1\" \/>\n<link rel=\"canonical\" href=\"https:\/\/www.scuolarenatofucini.edu.it\/site\/inclusione\/\" \/>\n<meta property=\"og:locale\" content=\"it_IT\" \/>\n<meta property=\"og:type\" content=\"article\" \/>\n<meta property=\"og:title\" content=\"Inclusione - Scuola Fucini Roncalli\" \/>\n<meta property=\"og:description\" content=\"Con la sigla\u00a0BES\u00a0si fa riferimento ai\u00a0Bisogni Educativi Speciali\u00a0portati da tutti quegli alunni che presentano difficolt\u00e0 richiedenti interventi individualizzati non obbligatoriamente supportati da una diagnosi medica e\/o psicologica, ma comunque riferiti a situazioni di difficolt\u00e0 tali da far prefigurare un intervento mirato e personalizzato. Il panorama dei bisogni \u00e8 molto ampio, non si riferisce solo a [&hellip;]\" \/>\n<meta property=\"og:url\" content=\"https:\/\/www.scuolarenatofucini.edu.it\/site\/inclusione\/\" \/>\n<meta property=\"og:site_name\" content=\"Scuola Fucini Roncalli\" \/>\n<meta property=\"article:modified_time\" content=\"2019-03-11T11:01:59+00:00\" \/>\n<meta name=\"twitter:card\" content=\"summary_large_image\" \/>\n<meta name=\"twitter:label1\" content=\"Tempo di lettura stimato\" \/>\n\t<meta name=\"twitter:data1\" content=\"1 minuto\" \/>\n<script type=\"application\/ld+json\" class=\"yoast-schema-graph\">{\"@context\":\"https:\/\/schema.org\",\"@graph\":[{\"@type\":\"WebSite\",\"@id\":\"https:\/\/www.scuolarenatofucini.edu.it\/site\/#website\",\"url\":\"https:\/\/www.scuolarenatofucini.edu.it\/site\/\",\"name\":\"Scuola Fucini Roncalli\",\"description\":\"Un nuovo sito targato WordPress\",\"potentialAction\":[{\"@type\":\"SearchAction\",\"target\":{\"@type\":\"EntryPoint\",\"urlTemplate\":\"https:\/\/www.scuolarenatofucini.edu.it\/site\/?s={search_term_string}\"},\"query-input\":\"required name=search_term_string\"}],\"inLanguage\":\"it-IT\"},{\"@type\":\"WebPage\",\"@id\":\"https:\/\/www.scuolarenatofucini.edu.it\/site\/inclusione\/#webpage\",\"url\":\"https:\/\/www.scuolarenatofucini.edu.it\/site\/inclusione\/\",\"name\":\"Inclusione - Scuola Fucini Roncalli\",\"isPartOf\":{\"@id\":\"https:\/\/www.scuolarenatofucini.edu.it\/site\/#website\"},\"datePublished\":\"2019-02-26T10:09:44+00:00\",\"dateModified\":\"2019-03-11T11:01:59+00:00\",\"breadcrumb\":{\"@id\":\"https:\/\/www.scuolarenatofucini.edu.it\/site\/inclusione\/#breadcrumb\"},\"inLanguage\":\"it-IT\",\"potentialAction\":[{\"@type\":\"ReadAction\",\"target\":[\"https:\/\/www.scuolarenatofucini.edu.it\/site\/inclusione\/\"]}]},{\"@type\":\"BreadcrumbList\",\"@id\":\"https:\/\/www.scuolarenatofucini.edu.it\/site\/inclusione\/#breadcrumb\",\"itemListElement\":[{\"@type\":\"ListItem\",\"position\":1,\"name\":\"Home\",\"item\":\"https:\/\/www.scuolarenatofucini.edu.it\/site\/\"},{\"@type\":\"ListItem\",\"position\":2,\"name\":\"Inclusione\"}]}]}<\/script>\n<!-- \/ Yoast SEO plugin. -->","yoast_head_json":{"title":"Inclusione - Scuola Fucini Roncalli","robots":{"index":"index","follow":"follow","max-snippet":"max-snippet:-1","max-image-preview":"max-image-preview:large","max-video-preview":"max-video-preview:-1"},"canonical":"https:\/\/www.scuolarenatofucini.edu.it\/site\/inclusione\/","og_locale":"it_IT","og_type":"article","og_title":"Inclusione - Scuola Fucini Roncalli","og_description":"Con la sigla\u00a0BES\u00a0si fa riferimento ai\u00a0Bisogni Educativi Speciali\u00a0portati da tutti quegli alunni che presentano difficolt\u00e0 richiedenti interventi individualizzati non obbligatoriamente supportati da una diagnosi medica e\/o psicologica, ma comunque riferiti a situazioni di difficolt\u00e0 tali da far prefigurare un intervento mirato e personalizzato. Il panorama dei bisogni \u00e8 molto ampio, non si riferisce solo a [&hellip;]","og_url":"https:\/\/www.scuolarenatofucini.edu.it\/site\/inclusione\/","og_site_name":"Scuola Fucini Roncalli","article_modified_time":"2019-03-11T11:01:59+00:00","twitter_card":"summary_large_image","twitter_misc":{"Tempo di lettura stimato":"1 minuto"},"schema":{"@context":"https:\/\/schema.org","@graph":[{"@type":"WebSite","@id":"https:\/\/www.scuolarenatofucini.edu.it\/site\/#website","url":"https:\/\/www.scuolarenatofucini.edu.it\/site\/","name":"Scuola Fucini Roncalli","description":"Un nuovo sito targato WordPress","potentialAction":[{"@type":"SearchAction","target":{"@type":"EntryPoint","urlTemplate":"https:\/\/www.scuolarenatofucini.edu.it\/site\/?s={search_term_string}"},"query-input":"required name=search_term_string"}],"inLanguage":"it-IT"},{"@type":"WebPage","@id":"https:\/\/www.scuolarenatofucini.edu.it\/site\/inclusione\/#webpage","url":"https:\/\/www.scuolarenatofucini.edu.it\/site\/inclusione\/","name":"Inclusione - Scuola Fucini Roncalli","isPartOf":{"@id":"https:\/\/www.scuolarenatofucini.edu.it\/site\/#website"},"datePublished":"2019-02-26T10:09:44+00:00","dateModified":"2019-03-11T11:01:59+00:00","breadcrumb":{"@id":"https:\/\/www.scuolarenatofucini.edu.it\/site\/inclusione\/#breadcrumb"},"inLanguage":"it-IT","potentialAction":[{"@type":"ReadAction","target":["https:\/\/www.scuolarenatofucini.edu.it\/site\/inclusione\/"]}]},{"@type":"BreadcrumbList","@id":"https:\/\/www.scuolarenatofucini.edu.it\/site\/inclusione\/#breadcrumb","itemListElement":[{"@type":"ListItem","position":1,"name":"Home","item":"https:\/\/www.scuolarenatofucini.edu.it\/site\/"},{"@type":"ListItem","position":2,"name":"Inclusione"}]}]}},"_links":{"self":[{"href":"https:\/\/www.scuolarenatofucini.edu.it\/site\/wp-json\/wp\/v2\/pages\/12554"}],"collection":[{"href":"https:\/\/www.scuolarenatofucini.edu.it\/site\/wp-json\/wp\/v2\/pages"}],"about":[{"href":"https:\/\/www.scuolarenatofucini.edu.it\/site\/wp-json\/wp\/v2\/types\/page"}],"author":[{"embeddable":true,"href":"https:\/\/www.scuolarenatofucini.edu.it\/site\/wp-json\/wp\/v2\/users\/1"}],"replies":[{"embeddable":true,"href":"https:\/\/www.scuolarenatofucini.edu.it\/site\/wp-json\/wp\/v2\/comments?post=12554"}],"version-history":[{"count":5,"href":"https:\/\/www.scuolarenatofucini.edu.it\/site\/wp-json\/wp\/v2\/pages\/12554\/revisions"}],"predecessor-version":[{"id":12702,"href":"https:\/\/www.scuolarenatofucini.edu.it\/site\/wp-json\/wp\/v2\/pages\/12554\/revisions\/12702"}],"wp:attachment":[{"href":"https:\/\/www.scuolarenatofucini.edu.it\/site\/wp-json\/wp\/v2\/media?parent=12554"}],"curies":[{"name":"wp","href":"https:\/\/api.w.org\/{rel}","templated":true}]}}