{"id":17568,"date":"2021-10-22T18:29:37","date_gmt":"2021-10-22T16:29:37","guid":{"rendered":"https:\/\/www.scuolarenatofucini.edu.it\/site\/?page_id=17568"},"modified":"2021-10-23T10:36:58","modified_gmt":"2021-10-23T08:36:58","slug":"orientamento","status":"publish","type":"page","link":"https:\/\/www.scuolarenatofucini.edu.it\/site\/orientamento\/","title":{"rendered":"ORIENTAMENTO"},"content":{"rendered":"\t\t<div data-elementor-type=\"wp-page\" data-elementor-id=\"17568\" class=\"elementor elementor-17568\" data-elementor-settings=\"[]\">\n\t\t\t\t\t\t<div class=\"elementor-inner\">\n\t\t\t\t\t\t\t<div class=\"elementor-section-wrap\">\n\t\t\t\t\t\t\t<section class=\"elementor-section elementor-top-section elementor-element elementor-element-68da711 elementor-section-boxed elementor-section-height-default elementor-section-height-default\" data-id=\"68da711\" data-element_type=\"section\">\n\t\t\t\t\t\t<div class=\"elementor-container elementor-column-gap-default\">\n\t\t\t\t\t\t\t<div class=\"elementor-row\">\n\t\t\t\t\t<div class=\"elementor-column elementor-col-100 elementor-top-column elementor-element elementor-element-96d1b20\" data-id=\"96d1b20\" data-element_type=\"column\">\n\t\t\t<div class=\"elementor-column-wrap elementor-element-populated\">\n\t\t\t\t\t\t\t<div class=\"elementor-widget-wrap\">\n\t\t\t\t\t\t<div class=\"elementor-element elementor-element-b89838c elementor-widget elementor-widget-spacer\" data-id=\"b89838c\" data-element_type=\"widget\" data-widget_type=\"spacer.default\">\n\t\t\t\t<div class=\"elementor-widget-container\">\n\t\t\t\t\t<div class=\"elementor-spacer\">\n\t\t\t<div class=\"elementor-spacer-inner\"><\/div>\n\t\t<\/div>\n\t\t\t\t<\/div>\n\t\t\t\t<\/div>\n\t\t\t\t\t\t<\/div>\n\t\t\t\t\t<\/div>\n\t\t<\/div>\n\t\t\t\t\t\t\t\t<\/div>\n\t\t\t\t\t<\/div>\n\t\t<\/section>\n\t\t\t\t<section class=\"elementor-section elementor-top-section elementor-element elementor-element-78dd7d2 elementor-section-boxed elementor-section-height-default elementor-section-height-default\" data-id=\"78dd7d2\" data-element_type=\"section\">\n\t\t\t\t\t\t<div class=\"elementor-container elementor-column-gap-default\">\n\t\t\t\t\t\t\t<div class=\"elementor-row\">\n\t\t\t\t\t<div class=\"elementor-column elementor-col-100 elementor-top-column elementor-element elementor-element-a69f596\" data-id=\"a69f596\" data-element_type=\"column\">\n\t\t\t<div class=\"elementor-column-wrap elementor-element-populated\">\n\t\t\t\t\t\t\t<div class=\"elementor-widget-wrap\">\n\t\t\t\t\t\t<div class=\"elementor-element elementor-element-3de512f elementor-widget elementor-widget-image\" data-id=\"3de512f\" data-element_type=\"widget\" data-widget_type=\"image.default\">\n\t\t\t\t<div class=\"elementor-widget-container\">\n\t\t\t\t\t\t\t\t<div class=\"elementor-image\">\n\t\t\t\t\t\t\t\t\t\t\t\t<img width=\"383\" height=\"157\" src=\"https:\/\/www.scuolarenatofucini.edu.it\/site\/wp-content\/uploads\/2021\/10\/orientamento2021-e1634978375316.jpg\" class=\"attachment-large size-large\" alt=\"\" loading=\"lazy\" srcset=\"https:\/\/www.scuolarenatofucini.edu.it\/site\/wp-content\/uploads\/2021\/10\/orientamento2021-e1634978375316.jpg 383w, https:\/\/www.scuolarenatofucini.edu.it\/site\/wp-content\/uploads\/2021\/10\/orientamento2021-e1634978375316-300x123.jpg 300w\" sizes=\"(max-width: 383px) 100vw, 383px\" \/>\t\t\t\t\t\t\t\t\t\t\t\t\t\t<\/div>\n\t\t\t\t\t\t<\/div>\n\t\t\t\t<\/div>\n\t\t\t\t\t\t<\/div>\n\t\t\t\t\t<\/div>\n\t\t<\/div>\n\t\t\t\t\t\t\t\t<\/div>\n\t\t\t\t\t<\/div>\n\t\t<\/section>\n\t\t\t\t<section class=\"elementor-section elementor-top-section elementor-element elementor-element-22c111d elementor-section-boxed elementor-section-height-default elementor-section-height-default\" data-id=\"22c111d\" data-element_type=\"section\">\n\t\t\t\t\t\t<div class=\"elementor-container elementor-column-gap-default\">\n\t\t\t\t\t\t\t<div class=\"elementor-row\">\n\t\t\t\t\t<div class=\"elementor-column elementor-col-100 elementor-top-column elementor-element elementor-element-cb79364\" data-id=\"cb79364\" data-element_type=\"column\">\n\t\t\t<div class=\"elementor-column-wrap elementor-element-populated\">\n\t\t\t\t\t\t\t<div class=\"elementor-widget-wrap\">\n\t\t\t\t\t\t<div class=\"elementor-element elementor-element-d629c17 elementor-widget elementor-widget-spacer\" data-id=\"d629c17\" data-element_type=\"widget\" data-widget_type=\"spacer.default\">\n\t\t\t\t<div class=\"elementor-widget-container\">\n\t\t\t\t\t<div class=\"elementor-spacer\">\n\t\t\t<div class=\"elementor-spacer-inner\"><\/div>\n\t\t<\/div>\n\t\t\t\t<\/div>\n\t\t\t\t<\/div>\n\t\t\t\t\t\t<\/div>\n\t\t\t\t\t<\/div>\n\t\t<\/div>\n\t\t\t\t\t\t\t\t<\/div>\n\t\t\t\t\t<\/div>\n\t\t<\/section>\n\t\t\t\t<section class=\"elementor-section elementor-top-section elementor-element elementor-element-02df628 elementor-section-boxed elementor-section-height-default elementor-section-height-default\" data-id=\"02df628\" data-element_type=\"section\">\n\t\t\t\t\t\t<div class=\"elementor-container elementor-column-gap-default\">\n\t\t\t\t\t\t\t<div class=\"elementor-row\">\n\t\t\t\t\t<div class=\"elementor-column elementor-col-100 elementor-top-column elementor-element elementor-element-7784861\" data-id=\"7784861\" data-element_type=\"column\">\n\t\t\t<div class=\"elementor-column-wrap elementor-element-populated\">\n\t\t\t\t\t\t\t<div class=\"elementor-widget-wrap\">\n\t\t\t\t\t\t<div class=\"elementor-element elementor-element-1c6eab6 elementor-widget elementor-widget-heading\" data-id=\"1c6eab6\" data-element_type=\"widget\" data-widget_type=\"heading.default\">\n\t\t\t\t<div class=\"elementor-widget-container\">\n\t\t\t<h2 class=\"elementor-heading-title elementor-size-default\">ORIENTAMENTO<\/h2>\t\t<\/div>\n\t\t\t\t<\/div>\n\t\t\t\t\t\t<\/div>\n\t\t\t\t\t<\/div>\n\t\t<\/div>\n\t\t\t\t\t\t\t\t<\/div>\n\t\t\t\t\t<\/div>\n\t\t<\/section>\n\t\t\t\t<section class=\"elementor-section elementor-top-section elementor-element elementor-element-50d9f62 elementor-section-boxed elementor-section-height-default elementor-section-height-default\" data-id=\"50d9f62\" data-element_type=\"section\">\n\t\t\t\t\t\t<div class=\"elementor-container elementor-column-gap-default\">\n\t\t\t\t\t\t\t<div class=\"elementor-row\">\n\t\t\t\t\t<div class=\"elementor-column elementor-col-100 elementor-top-column elementor-element elementor-element-de2c84d\" data-id=\"de2c84d\" data-element_type=\"column\">\n\t\t\t<div class=\"elementor-column-wrap elementor-element-populated\">\n\t\t\t\t\t\t\t<div class=\"elementor-widget-wrap\">\n\t\t\t\t\t\t<div class=\"elementor-element elementor-element-bc38da0 elementor-widget elementor-widget-text-editor\" data-id=\"bc38da0\" data-element_type=\"widget\" data-widget_type=\"text-editor.default\">\n\t\t\t\t<div class=\"elementor-widget-container\">\n\t\t\t\t\t\t\t\t<div class=\"elementor-text-editor elementor-clearfix\">\n\t\t\t\t<blockquote><p>\u201cTutta la scuola in genere ha una funzione orientativa in quanto preparazione alle scelte decisive della vita, ma in particolare la scuola del primo ciclo, con la sua unitariet\u00e0 e progressiva articolazione disciplinare, intende favorire l\u2019orientamento verso gli studi successivi mediante esperienze didattiche non ripiegate su se stesse ma aperte e stimolanti finalizzate a suscitare la curiosit\u00e0 dell\u2019alunno e a fargli mettere alla prova le proprie capacit\u00e0\u201d.<br \/>Indicazioni Nazionali 2012<\/p><\/blockquote><p>L\u2019<strong>ORIENTAMENTO<\/strong> costituisce parte integrante dei curricoli di studio e del processo educativo e formativo sin dalla scuola dell\u2019infanzia.<\/p><p>L\u2019attivit\u00e0 di orientamento ha il compito di accompagnare l\u2019alunno durante tutto il suo percorso scolastico, aiutandolo a cogliere le proprie potenzialit\u00e0 e a svilupparle. Quindi va intesa soprattutto come percorso di conoscenza di s\u00e9, accettazione dell\u2019altro, educazione alle relazioni, alfabetizzazione emotiva che permetta anche una scelta consapevole per la prosecuzione degli studi. Tale percorso sar\u00e0 attuato perci\u00f2 a partire dalla scuola dell\u2019infanzia adeguando i contenuti, i tempi e le modalit\u00e0 alle diverse fasce d\u2019et\u00e0; si completer\u00e0 nella scuola secondaria di primo grado, con attivit\u00e0 che coinvolgono le classi III ed ha la finalit\u00e0 di aiutare gli alunni e le loro famiglie a scegliere la scuola superiore pi\u00f9 adatta alle loro predisposizioni e ai loro interessi.<\/p><p>L\u2019attivit\u00e0, che \u00e8 coordinata da due referenti, prevede:<\/p><ul><li>Attivit\u00e0 nelle singole classi per aiutare gli alunni a prendere coscienza delle proprie capacit\u00e0, limiti, predisposizioni e per conoscere il complesso mondo della scuola superiore (scuole della zona, indirizzi di studio ecc.) .<\/li><li>Incontri \u201copen day\u201d con ragazzi frequentanti le scuole superiori ed i loro docenti che prevedono il coinvolgimento in momenti esemplificativi di attivit\u00e0 didattiche specifiche dei diversi indirizzi di studio dei vari istituti.<\/li><li>Attivit\u00e0 di informazione, attraverso incontri rivolti alle famiglie dei ragazzi delle classi terze.<\/li><li>Informazione agli alunni tramite distribuzione di materiali informativi preparati dagli istituti superiori e incontri (individuali o di classe) con il referente per l\u2019orientamento.<\/li><\/ul><p>\u00a0<\/p><h3>Elenco principali <span class=\"il\">link<\/span> istituti superiori di Comuni viciniori<\/h3><div><span style=\"color: #000080;\"><strong>LICEI\u00a0<\/strong><\/span><\/div><div>\u00a0<\/div><div><div><p><a href=\"http:\/\/www.donmilanigragnano.edu.it\/\">http:\/\/www.donmilanigragnano.edu.it<\/a><\/p><p><a href=\"http:\/\/www.plinioseniore.edu.it\/\">http:\/\/www.plinioseniore.edu.it<\/a><\/p><p><a href=\"https:\/\/www.liceo-severi.edu.it\/\">http:\/\/www.liceo-severi.edu.it<\/a><\/p><p><a href=\"https:\/\/www.liceopascalpompei.edu.it\/\">http:\/\/www.liceopascalpompei.edu.it <\/a><\/p><\/div><div><p><a href=\"http:\/\/www.liceopitagoracroce.edu.it\/\">http:\/\/www.liceopitagoracroce.edu.it<\/a><\/p><p><a href=\"http:\/\/www.liceodechirico.edu.it\">http:\/\/www.liceodechirico.edu.it<\/a><\/p><p><a href=\"http:\/\/www.liceovirgiliometa.it\/\">http:\/\/www.liceovirgiliometa.it<\/a><\/p><p><a href=\"https:\/\/www.isgrandisorrento.edu.it\/\">http:\/\/www.isgrandisorrento.edu.it<\/a><\/p><\/div><div><p><span style=\"color: #000080;\"><strong>ISTITUTI TECNICI<\/strong><\/span><\/p><p><a href=\"http:\/\/www.donmilanigragnano.edu.it\/\">http:\/\/www.donmilanigragnano.edu.it<\/a><\/p><p><a href=\"https:\/\/www.iisferraristabia.edu.it\">https:\/\/www.iisferraristabia.edu.it<\/a><\/p><p><a href=\"https:\/\/www.itirenatoelia.edu.it\">https:\/\/www.itirenatoelia.edu.it<\/a><\/p><p><a href=\"http:\/\/www.itsturzo.edu.it\/\">http:\/\/www.itsturzo.edu.it<\/a><\/p><p><a href=\"https:\/\/www.istitutovitruvio.edu.it\">https:\/\/www.istitutovitruvio.edu.it<\/a><\/p><p><a href=\"https:\/\/www.ninobixio.edu.it\">https:\/\/www.ninobixio.edu.it<\/a><\/p><\/div><\/div><div><div>\u00a0<\/div><div><p><span style=\"color: #000080;\"><strong>ISTITUTI PROFESSIONALI<\/strong><\/span><\/p><p>\u00a0<a href=\"https:\/\/www.iisferraristabia.edu.it\">https:\/\/www.iisferraristabia.edu.it<\/a><\/p><p><a href=\"http:\/\/www.alberghieroviviani.edu.it\/\">http:\/\/www.alberghieroviviani.edu.it<\/a><\/p><p><a href=\"http:\/\/www.istitutovitruvio.edu.it\">http:\/\/www.istitutovitruvio.edu.it<\/a><\/p><p><a href=\"http:\/\/www.ipssardegennaro.it\/\">http:\/\/www.ipssardegennaro.it<\/a><\/p><p><a href=\"http:\/\/www.profagrisalerno.edu.it\/\">http:\/\/www.profagrisalerno.edu.it<\/a><\/p><p><a href=\"http:\/\/www.istitutocasanova.it\/\">http:\/\/www.istitutocasanova.it<\/a><\/p><\/div><div><div>\u00a0<\/div><div><span style=\"color: #000080;\"><strong>ISTITUTI PARITARI<\/strong><\/span><\/div><div>\u00a0<\/div><div><a href=\"http:\/\/www.istitutosantacroce.it\/\">http:\/\/www.istitutosantacroce.<wbr \/>it\/<\/a><\/div><\/div><div><div>\u00a0<\/div><div>\u00a0<\/div><div>\u00a0<\/div><\/div><\/div>\t\t\t\t\t<\/div>\n\t\t\t\t\t\t<\/div>\n\t\t\t\t<\/div>\n\t\t\t\t\t\t<\/div>\n\t\t\t\t\t<\/div>\n\t\t<\/div>\n\t\t\t\t\t\t\t\t<\/div>\n\t\t\t\t\t<\/div>\n\t\t<\/section>\n\t\t\t\t\t\t<\/div>\n\t\t\t\t\t\t<\/div>\n\t\t\t\t\t<\/div>\n\t\t","protected":false},"excerpt":{"rendered":"<p>ORIENTAMENTO \u201cTutta la scuola in genere ha una funzione orientativa in quanto preparazione alle scelte decisive della vita, ma in particolare la scuola del primo ciclo, con la sua unitariet\u00e0 e progressiva articolazione disciplinare, intende favorire l\u2019orientamento verso gli studi successivi mediante esperienze didattiche non ripiegate su se stesse ma aperte e stimolanti finalizzate a [&hellip;]<\/p>\n","protected":false},"author":4,"featured_media":0,"parent":0,"menu_order":0,"comment_status":"closed","ping_status":"closed","template":"","meta":[],"yoast_head":"<!-- This site is optimized with the Yoast SEO plugin v18.4.1 - https:\/\/yoast.com\/wordpress\/plugins\/seo\/ -->\n<title>ORIENTAMENTO - Scuola Fucini Roncalli<\/title>\n<meta name=\"robots\" content=\"index, follow, max-snippet:-1, max-image-preview:large, max-video-preview:-1\" \/>\n<link rel=\"canonical\" href=\"https:\/\/www.scuolarenatofucini.edu.it\/site\/orientamento\/\" \/>\n<meta property=\"og:locale\" content=\"it_IT\" \/>\n<meta property=\"og:type\" content=\"article\" \/>\n<meta property=\"og:title\" content=\"ORIENTAMENTO - Scuola Fucini Roncalli\" \/>\n<meta property=\"og:description\" content=\"ORIENTAMENTO \u201cTutta la scuola in genere ha una funzione orientativa in quanto preparazione alle scelte decisive della vita, ma in particolare la scuola del primo ciclo, con la sua unitariet\u00e0 e progressiva articolazione disciplinare, intende favorire l\u2019orientamento verso gli studi successivi mediante esperienze didattiche non ripiegate su se stesse ma aperte e stimolanti finalizzate a [&hellip;]\" \/>\n<meta property=\"og:url\" content=\"https:\/\/www.scuolarenatofucini.edu.it\/site\/orientamento\/\" \/>\n<meta property=\"og:site_name\" content=\"Scuola Fucini Roncalli\" \/>\n<meta property=\"article:modified_time\" content=\"2021-10-23T08:36:58+00:00\" \/>\n<meta property=\"og:image\" content=\"https:\/\/www.scuolarenatofucini.edu.it\/site\/wp-content\/uploads\/2021\/10\/orientamento2021.jpg\" \/>\n<meta name=\"twitter:card\" content=\"summary_large_image\" \/>\n<meta name=\"twitter:label1\" content=\"Tempo di lettura stimato\" \/>\n\t<meta name=\"twitter:data1\" content=\"2 minuti\" \/>\n<script type=\"application\/ld+json\" class=\"yoast-schema-graph\">{\"@context\":\"https:\/\/schema.org\",\"@graph\":[{\"@type\":\"WebSite\",\"@id\":\"https:\/\/www.scuolarenatofucini.edu.it\/site\/#website\",\"url\":\"https:\/\/www.scuolarenatofucini.edu.it\/site\/\",\"name\":\"Scuola Fucini Roncalli\",\"description\":\"Un nuovo sito targato WordPress\",\"potentialAction\":[{\"@type\":\"SearchAction\",\"target\":{\"@type\":\"EntryPoint\",\"urlTemplate\":\"https:\/\/www.scuolarenatofucini.edu.it\/site\/?s={search_term_string}\"},\"query-input\":\"required name=search_term_string\"}],\"inLanguage\":\"it-IT\"},{\"@type\":\"ImageObject\",\"@id\":\"https:\/\/www.scuolarenatofucini.edu.it\/site\/orientamento\/#primaryimage\",\"inLanguage\":\"it-IT\",\"url\":\"https:\/\/www.scuolarenatofucini.edu.it\/site\/wp-content\/uploads\/2021\/10\/orientamento2021-e1634978375316.jpg\",\"contentUrl\":\"https:\/\/www.scuolarenatofucini.edu.it\/site\/wp-content\/uploads\/2021\/10\/orientamento2021-e1634978375316.jpg\",\"width\":383,\"height\":157},{\"@type\":\"WebPage\",\"@id\":\"https:\/\/www.scuolarenatofucini.edu.it\/site\/orientamento\/#webpage\",\"url\":\"https:\/\/www.scuolarenatofucini.edu.it\/site\/orientamento\/\",\"name\":\"ORIENTAMENTO - Scuola Fucini Roncalli\",\"isPartOf\":{\"@id\":\"https:\/\/www.scuolarenatofucini.edu.it\/site\/#website\"},\"primaryImageOfPage\":{\"@id\":\"https:\/\/www.scuolarenatofucini.edu.it\/site\/orientamento\/#primaryimage\"},\"datePublished\":\"2021-10-22T16:29:37+00:00\",\"dateModified\":\"2021-10-23T08:36:58+00:00\",\"breadcrumb\":{\"@id\":\"https:\/\/www.scuolarenatofucini.edu.it\/site\/orientamento\/#breadcrumb\"},\"inLanguage\":\"it-IT\",\"potentialAction\":[{\"@type\":\"ReadAction\",\"target\":[\"https:\/\/www.scuolarenatofucini.edu.it\/site\/orientamento\/\"]}]},{\"@type\":\"BreadcrumbList\",\"@id\":\"https:\/\/www.scuolarenatofucini.edu.it\/site\/orientamento\/#breadcrumb\",\"itemListElement\":[{\"@type\":\"ListItem\",\"position\":1,\"name\":\"Home\",\"item\":\"https:\/\/www.scuolarenatofucini.edu.it\/site\/\"},{\"@type\":\"ListItem\",\"position\":2,\"name\":\"ORIENTAMENTO\"}]}]}<\/script>\n<!-- \/ Yoast SEO plugin. -->","yoast_head_json":{"title":"ORIENTAMENTO - Scuola Fucini Roncalli","robots":{"index":"index","follow":"follow","max-snippet":"max-snippet:-1","max-image-preview":"max-image-preview:large","max-video-preview":"max-video-preview:-1"},"canonical":"https:\/\/www.scuolarenatofucini.edu.it\/site\/orientamento\/","og_locale":"it_IT","og_type":"article","og_title":"ORIENTAMENTO - Scuola Fucini Roncalli","og_description":"ORIENTAMENTO \u201cTutta la scuola in genere ha una funzione orientativa in quanto preparazione alle scelte decisive della vita, ma in particolare la scuola del primo ciclo, con la sua unitariet\u00e0 e progressiva articolazione disciplinare, intende favorire l\u2019orientamento verso gli studi successivi mediante esperienze didattiche non ripiegate su se stesse ma aperte e stimolanti finalizzate a [&hellip;]","og_url":"https:\/\/www.scuolarenatofucini.edu.it\/site\/orientamento\/","og_site_name":"Scuola Fucini Roncalli","article_modified_time":"2021-10-23T08:36:58+00:00","og_image":[{"url":"https:\/\/www.scuolarenatofucini.edu.it\/site\/wp-content\/uploads\/2021\/10\/orientamento2021.jpg"}],"twitter_card":"summary_large_image","twitter_misc":{"Tempo di lettura stimato":"2 minuti"},"schema":{"@context":"https:\/\/schema.org","@graph":[{"@type":"WebSite","@id":"https:\/\/www.scuolarenatofucini.edu.it\/site\/#website","url":"https:\/\/www.scuolarenatofucini.edu.it\/site\/","name":"Scuola Fucini Roncalli","description":"Un nuovo sito targato WordPress","potentialAction":[{"@type":"SearchAction","target":{"@type":"EntryPoint","urlTemplate":"https:\/\/www.scuolarenatofucini.edu.it\/site\/?s={search_term_string}"},"query-input":"required name=search_term_string"}],"inLanguage":"it-IT"},{"@type":"ImageObject","@id":"https:\/\/www.scuolarenatofucini.edu.it\/site\/orientamento\/#primaryimage","inLanguage":"it-IT","url":"https:\/\/www.scuolarenatofucini.edu.it\/site\/wp-content\/uploads\/2021\/10\/orientamento2021-e1634978375316.jpg","contentUrl":"https:\/\/www.scuolarenatofucini.edu.it\/site\/wp-content\/uploads\/2021\/10\/orientamento2021-e1634978375316.jpg","width":383,"height":157},{"@type":"WebPage","@id":"https:\/\/www.scuolarenatofucini.edu.it\/site\/orientamento\/#webpage","url":"https:\/\/www.scuolarenatofucini.edu.it\/site\/orientamento\/","name":"ORIENTAMENTO - Scuola Fucini Roncalli","isPartOf":{"@id":"https:\/\/www.scuolarenatofucini.edu.it\/site\/#website"},"primaryImageOfPage":{"@id":"https:\/\/www.scuolarenatofucini.edu.it\/site\/orientamento\/#primaryimage"},"datePublished":"2021-10-22T16:29:37+00:00","dateModified":"2021-10-23T08:36:58+00:00","breadcrumb":{"@id":"https:\/\/www.scuolarenatofucini.edu.it\/site\/orientamento\/#breadcrumb"},"inLanguage":"it-IT","potentialAction":[{"@type":"ReadAction","target":["https:\/\/www.scuolarenatofucini.edu.it\/site\/orientamento\/"]}]},{"@type":"BreadcrumbList","@id":"https:\/\/www.scuolarenatofucini.edu.it\/site\/orientamento\/#breadcrumb","itemListElement":[{"@type":"ListItem","position":1,"name":"Home","item":"https:\/\/www.scuolarenatofucini.edu.it\/site\/"},{"@type":"ListItem","position":2,"name":"ORIENTAMENTO"}]}]}},"_links":{"self":[{"href":"https:\/\/www.scuolarenatofucini.edu.it\/site\/wp-json\/wp\/v2\/pages\/17568"}],"collection":[{"href":"https:\/\/www.scuolarenatofucini.edu.it\/site\/wp-json\/wp\/v2\/pages"}],"about":[{"href":"https:\/\/www.scuolarenatofucini.edu.it\/site\/wp-json\/wp\/v2\/types\/page"}],"author":[{"embeddable":true,"href":"https:\/\/www.scuolarenatofucini.edu.it\/site\/wp-json\/wp\/v2\/users\/4"}],"replies":[{"embeddable":true,"href":"https:\/\/www.scuolarenatofucini.edu.it\/site\/wp-json\/wp\/v2\/comments?post=17568"}],"version-history":[{"count":17,"href":"https:\/\/www.scuolarenatofucini.edu.it\/site\/wp-json\/wp\/v2\/pages\/17568\/revisions"}],"predecessor-version":[{"id":17621,"href":"https:\/\/www.scuolarenatofucini.edu.it\/site\/wp-json\/wp\/v2\/pages\/17568\/revisions\/17621"}],"wp:attachment":[{"href":"https:\/\/www.scuolarenatofucini.edu.it\/site\/wp-json\/wp\/v2\/media?parent=17568"}],"curies":[{"name":"wp","href":"https:\/\/api.w.org\/{rel}","templated":true}]}}