{"id":20269,"date":"2021-12-01T20:42:44","date_gmt":"2021-12-01T19:42:44","guid":{"rendered":"https:\/\/www.scuolarenatofucini.edu.it\/site\/?page_id=20269"},"modified":"2021-12-02T09:35:10","modified_gmt":"2021-12-02T08:35:10","slug":"premio-tullio-de-mauro","status":"publish","type":"page","link":"https:\/\/www.scuolarenatofucini.edu.it\/site\/premio-tullio-de-mauro\/","title":{"rendered":"Premio Tullio De Mauro"},"content":{"rendered":"\t\t<div data-elementor-type=\"wp-page\" data-elementor-id=\"20269\" class=\"elementor elementor-20269\" data-elementor-settings=\"[]\">\n\t\t\t\t\t\t<div class=\"elementor-inner\">\n\t\t\t\t\t\t\t<div class=\"elementor-section-wrap\">\n\t\t\t\t\t\t\t<section class=\"elementor-section elementor-top-section elementor-element elementor-element-88aed60 elementor-section-boxed elementor-section-height-default elementor-section-height-default\" data-id=\"88aed60\" data-element_type=\"section\">\n\t\t\t\t\t\t<div class=\"elementor-container elementor-column-gap-default\">\n\t\t\t\t\t\t\t<div class=\"elementor-row\">\n\t\t\t\t\t<div class=\"elementor-column elementor-col-100 elementor-top-column elementor-element elementor-element-89b7326\" data-id=\"89b7326\" data-element_type=\"column\">\n\t\t\t<div class=\"elementor-column-wrap elementor-element-populated\">\n\t\t\t\t\t\t\t<div class=\"elementor-widget-wrap\">\n\t\t\t\t\t\t<div class=\"elementor-element elementor-element-16695e2 elementor-widget elementor-widget-image\" data-id=\"16695e2\" data-element_type=\"widget\" data-widget_type=\"image.default\">\n\t\t\t\t<div class=\"elementor-widget-container\">\n\t\t\t\t\t\t\t\t<div class=\"elementor-image\">\n\t\t\t\t\t\t\t\t\t\t\t\t<img width=\"768\" height=\"277\" src=\"https:\/\/www.scuolarenatofucini.edu.it\/site\/wp-content\/uploads\/2021\/12\/Immagine1-768x277.png\" class=\"attachment-medium_large size-medium_large\" alt=\"\" loading=\"lazy\" srcset=\"https:\/\/www.scuolarenatofucini.edu.it\/site\/wp-content\/uploads\/2021\/12\/Immagine1-768x277.png 768w, https:\/\/www.scuolarenatofucini.edu.it\/site\/wp-content\/uploads\/2021\/12\/Immagine1-300x108.png 300w, https:\/\/www.scuolarenatofucini.edu.it\/site\/wp-content\/uploads\/2021\/12\/Immagine1-1024x369.png 1024w, https:\/\/www.scuolarenatofucini.edu.it\/site\/wp-content\/uploads\/2021\/12\/Immagine1.png 1499w\" sizes=\"(max-width: 768px) 100vw, 768px\" \/>\t\t\t\t\t\t\t\t\t\t\t\t\t\t<\/div>\n\t\t\t\t\t\t<\/div>\n\t\t\t\t<\/div>\n\t\t\t\t\t\t<\/div>\n\t\t\t\t\t<\/div>\n\t\t<\/div>\n\t\t\t\t\t\t\t\t<\/div>\n\t\t\t\t\t<\/div>\n\t\t<\/section>\n\t\t\t\t<section class=\"elementor-section elementor-top-section elementor-element elementor-element-65ddc47 elementor-section-boxed elementor-section-height-default elementor-section-height-default\" data-id=\"65ddc47\" data-element_type=\"section\">\n\t\t\t\t\t\t<div class=\"elementor-container elementor-column-gap-default\">\n\t\t\t\t\t\t\t<div class=\"elementor-row\">\n\t\t\t\t\t<div class=\"elementor-column elementor-col-100 elementor-top-column elementor-element elementor-element-69cf3c7\" data-id=\"69cf3c7\" data-element_type=\"column\">\n\t\t\t<div class=\"elementor-column-wrap elementor-element-populated\">\n\t\t\t\t\t\t\t<div class=\"elementor-widget-wrap\">\n\t\t\t\t\t\t<div class=\"elementor-element elementor-element-eb8411c elementor-widget elementor-widget-text-editor\" data-id=\"eb8411c\" data-element_type=\"widget\" data-widget_type=\"text-editor.default\">\n\t\t\t\t<div class=\"elementor-widget-container\">\n\t\t\t\t\t\t\t\t<div class=\"elementor-text-editor elementor-clearfix\">\n\t\t\t\t<h2>\u00a0<\/h2><h4><strong><span style=\"color: #000000;\">Il progetto MATEMATICA, PASSIONE E &#8230; FANTASIA realizzato dalla nostra scuola con l\u2019IIS Federico Caff\u00e8 di Roma e con le scuole romane Giuseppe Bagnera, Fabrizio De Andr\u00e8, Largo Oriani, Mario Lodi, Arturo Toscanini, via Crivelli, via Solidati Tiburzi si \u00e8 classificato tra i 15 finalisti al concorso internazionale Global Junior Challenge per la categoria \u201cFino a 15 anni&#8221;.<\/span><\/strong><\/h4>\t\t\t\t\t<\/div>\n\t\t\t\t\t\t<\/div>\n\t\t\t\t<\/div>\n\t\t\t\t\t\t<\/div>\n\t\t\t\t\t<\/div>\n\t\t<\/div>\n\t\t\t\t\t\t\t\t<\/div>\n\t\t\t\t\t<\/div>\n\t\t<\/section>\n\t\t\t\t<section class=\"elementor-section elementor-top-section elementor-element elementor-element-5f46cb0 elementor-section-boxed elementor-section-height-default elementor-section-height-default\" data-id=\"5f46cb0\" data-element_type=\"section\">\n\t\t\t\t\t\t<div class=\"elementor-container elementor-column-gap-default\">\n\t\t\t\t\t\t\t<div class=\"elementor-row\">\n\t\t\t\t\t<div class=\"elementor-column elementor-col-100 elementor-top-column elementor-element elementor-element-0da8691\" data-id=\"0da8691\" data-element_type=\"column\">\n\t\t\t<div class=\"elementor-column-wrap elementor-element-populated\">\n\t\t\t\t\t\t\t<div class=\"elementor-widget-wrap\">\n\t\t\t\t\t\t<div class=\"elementor-element elementor-element-873831a elementor-widget elementor-widget-text-editor\" data-id=\"873831a\" data-element_type=\"widget\" data-widget_type=\"text-editor.default\">\n\t\t\t\t<div class=\"elementor-widget-container\">\n\t\t\t\t\t\t\t\t<div class=\"elementor-text-editor elementor-clearfix\">\n\t\t\t\t<h4 style=\"text-align: center;\"><strong>Global Junior Challenge dedicato alla resilienza della scuola italiana <\/strong><\/h4><h4 style=\"text-align: center;\"><strong>in tempo di pandemia<\/strong><\/h4><h4 style=\"text-align: center;\"><strong>\u201cLa scuola rivoluzionaria \u00e8 quella che insegna a risolvere problemi sempre nuovi\u201d<\/strong><\/h4>\t\t\t\t\t<\/div>\n\t\t\t\t\t\t<\/div>\n\t\t\t\t<\/div>\n\t\t\t\t\t\t<\/div>\n\t\t\t\t\t<\/div>\n\t\t<\/div>\n\t\t\t\t\t\t\t\t<\/div>\n\t\t\t\t\t<\/div>\n\t\t<\/section>\n\t\t\t\t<section class=\"elementor-section elementor-top-section elementor-element elementor-element-76f2c13 elementor-section-boxed elementor-section-height-default elementor-section-height-default\" data-id=\"76f2c13\" data-element_type=\"section\">\n\t\t\t\t\t\t<div class=\"elementor-container elementor-column-gap-default\">\n\t\t\t\t\t\t\t<div class=\"elementor-row\">\n\t\t\t\t\t<div class=\"elementor-column elementor-col-100 elementor-top-column elementor-element elementor-element-05ae37f\" data-id=\"05ae37f\" data-element_type=\"column\">\n\t\t\t<div class=\"elementor-column-wrap elementor-element-populated\">\n\t\t\t\t\t\t\t<div class=\"elementor-widget-wrap\">\n\t\t\t\t\t\t<div class=\"elementor-element elementor-element-80ba05e elementor-widget elementor-widget-text-editor\" data-id=\"80ba05e\" data-element_type=\"widget\" data-widget_type=\"text-editor.default\">\n\t\t\t\t<div class=\"elementor-widget-container\">\n\t\t\t\t\t\t\t\t<div class=\"elementor-text-editor elementor-clearfix\">\n\t\t\t\t<p><span style=\"color: #000000;\">Il concorso internazionale\u00a0Global Junior Challenge (GJC), giunto alla decima edizione, premia i progetti pi\u00f9 innovativi che usano le nuove tecnologie per l\u2019educazione e la formazione dei giovani.<\/span><\/p><p><span style=\"color: #000000;\">Storicamente promosso da\u00a0Roma Capitale\u00a0e organizzato ogni due anni dalla\u00a0Fondazione Mondo Digitale, dal 2017 il concorso \u00e8 dedicato a\u00a0Tullio De Mauro\u00a0(Torre Annunziata 1932 \u2013 Roma 2017), linguista, professore emerito e studioso dei sistemi di istruzione a livello internazionale.<\/span><\/p><p><span style=\"color: #000000;\">Il GJC \u00e8 l\u2019evento conclusivo di un insieme di attivit\u00e0 che promuovono il ruolo strategico delle nuove tecnologie per un\u2019educazione incentrata sulla persona, di qualit\u00e0 ed inclusiva, la circolazione della conoscenza e la lotta alla povert\u00e0 educativa per accelerare il raggiungimento degli Obiettivi di sviluppo sostenibile.<\/span><\/p><p><span style=\"color: #000000;\">L\u2019edizione 2021, promossa in collaborazione con il Centro Studi Erickson,\u00a0\u00e8 dedicata all\u2019uso innovativo e inclusivo delle nuove tecnologie per un\u2019istruzione di qualit\u00e0 in emergenza da Covid-19<\/span><\/p><p><span style=\"color: #000000;\">L\u2019obiettivo 4 dell\u2019Agenda 2030 \u00e8 declinato rispetto alla situazione di pandemia che la scuola sta vivendo in tutto il mondo. Scuole, organizzazioni, startup, associazioni, universit\u00e0 di tutto il mondo hanno aderito alla call presentando e segnalando i progetti che in emergenza sanitaria sono riusciti meglio a coniugare innovazione e qualit\u00e0 della formazione con l\u2019inclusione, coinvolgendo attivamente le famiglie e i diversi attori del territorio. Perch\u00e9 ovunque la scuola di qualit\u00e0 \u00e8 anche la scuola per\u00a0tutti.<\/span><\/p>\t\t\t\t\t<\/div>\n\t\t\t\t\t\t<\/div>\n\t\t\t\t<\/div>\n\t\t\t\t\t\t<\/div>\n\t\t\t\t\t<\/div>\n\t\t<\/div>\n\t\t\t\t\t\t\t\t<\/div>\n\t\t\t\t\t<\/div>\n\t\t<\/section>\n\t\t\t\t<section class=\"elementor-section elementor-top-section elementor-element elementor-element-73e31e5 elementor-section-boxed elementor-section-height-default elementor-section-height-default\" data-id=\"73e31e5\" data-element_type=\"section\">\n\t\t\t\t\t\t<div class=\"elementor-container elementor-column-gap-default\">\n\t\t\t\t\t\t\t<div class=\"elementor-row\">\n\t\t\t\t\t<div class=\"elementor-column elementor-col-100 elementor-top-column elementor-element elementor-element-29c4de7\" data-id=\"29c4de7\" data-element_type=\"column\">\n\t\t\t<div class=\"elementor-column-wrap elementor-element-populated\">\n\t\t\t\t\t\t\t<div class=\"elementor-widget-wrap\">\n\t\t\t\t\t\t<div class=\"elementor-element elementor-element-677bea7 elementor-widget elementor-widget-text-editor\" data-id=\"677bea7\" data-element_type=\"widget\" data-widget_type=\"text-editor.default\">\n\t\t\t\t<div class=\"elementor-widget-container\">\n\t\t\t\t\t\t\t\t<div class=\"elementor-text-editor elementor-clearfix\">\n\t\t\t\t<p><span style=\"color: #000000;\">I progetti finalisti possono essere visualizzati al seguente link:\u00a0<\/span><\/p><p><strong><span style=\"color: #ff6600;\"><a style=\"color: #ff6600;\" href=\"https:\/\/www.mondodigitale.org\/it\/news\/i-progetti-finalisti\">I progetti finalisti | Fondazione Mondo Digitale<\/a><\/span><\/strong><\/p>\t\t\t\t\t<\/div>\n\t\t\t\t\t\t<\/div>\n\t\t\t\t<\/div>\n\t\t\t\t\t\t<\/div>\n\t\t\t\t\t<\/div>\n\t\t<\/div>\n\t\t\t\t\t\t\t\t<\/div>\n\t\t\t\t\t<\/div>\n\t\t<\/section>\n\t\t\t\t<section class=\"elementor-section elementor-top-section elementor-element elementor-element-a106bf4 elementor-section-boxed elementor-section-height-default elementor-section-height-default\" data-id=\"a106bf4\" data-element_type=\"section\">\n\t\t\t\t\t\t<div class=\"elementor-container elementor-column-gap-default\">\n\t\t\t\t\t\t\t<div class=\"elementor-row\">\n\t\t\t\t\t<div class=\"elementor-column elementor-col-100 elementor-top-column elementor-element elementor-element-1288887\" data-id=\"1288887\" data-element_type=\"column\">\n\t\t\t<div class=\"elementor-column-wrap elementor-element-populated\">\n\t\t\t\t\t\t\t<div class=\"elementor-widget-wrap\">\n\t\t\t\t\t\t<div class=\"elementor-element elementor-element-81355e6 elementor-widget elementor-widget-text-editor\" data-id=\"81355e6\" data-element_type=\"widget\" data-widget_type=\"text-editor.default\">\n\t\t\t\t<div class=\"elementor-widget-container\">\n\t\t\t\t\t\t\t\t<div class=\"elementor-text-editor elementor-clearfix\">\n\t\t\t\t<p><span style=\"color: #000000;\">L&#8217;evento conclusivo del Global Junior Challenge e Premio Tullio De Mauro si svolger\u00e0 a Roma dal 15 al 17 dicembre 2021.<\/span><\/p><p><span style=\"color: #000000;\">Il tema centrale dell&#8217;edizione 2021 \u00e8 &#8220;La scuola come sistema complesso&#8221;, una lezione di collaborazione per fare fronte al mondo in continuo cambiamento.<\/span><\/p><p><span style=\"color: #000000;\">L&#8217;evento si svolger\u00e0 in presenza secondo le norme di sicurezza vigenti e trasmesso online per tutti.<\/span><\/p><p>\u00a0\u00a0\u00a0\u00a0\u00a0\u00a0\u00a0\u00a0 <span style=\"color: #000000;\">Il 17 dicembre saranno premiati alla presenza delle istituzioni tutti i finalisti in gara:<\/span><\/p><p><span style=\"color: #000000;\">&#8211; progetti in gara<\/span><\/p><p><span style=\"color: #000000;\">&#8211; docenti e dirigenti innovatori candidati al Premio Tullio De Mauro\u00a0\u00a0\u00a0\u00a0\u00a0\u00a0\u00a0\u00a0\u00a0\u00a0\u00a0\u00a0\u00a0\u00a0\u00a0\u00a0\u00a0\u00a0\u00a0\u00a0\u00a0\u00a0\u00a0\u00a0\u00a0\u00a0\u00a0\u00a0\u00a0\u00a0\u00a0\u00a0\u00a0\u00a0\u00a0<\/span>\u00a0\u00a0\u00a0\u00a0\u00a0\u00a0\u00a0\u00a0\u00a0\u00a0\u00a0\u00a0\u00a0\u00a0\u00a0\u00a0\u00a0\u00a0\u00a0\u00a0\u00a0\u00a0\u00a0\u00a0\u00a0\u00a0\u00a0\u00a0\u00a0\u00a0\u00a0\u00a0\u00a0\u00a0\u00a0\u00a0\u00a0\u00a0\u00a0\u00a0\u00a0\u00a0\u00a0\u00a0\u00a0\u00a0\u00a0\u00a0\u00a0\u00a0\u00a0\u00a0\u00a0\u00a0\u00a0\u00a0\u00a0\u00a0\u00a0\u00a0\u00a0<\/p><p><span style=\"color: #000000;\">Come per ogni edizione, ci sar\u00e0 la possibilit\u00e0 per i finalisti di allestire uno stand in cui presentare il progetto.<\/span><\/p>\t\t\t\t\t<\/div>\n\t\t\t\t\t\t<\/div>\n\t\t\t\t<\/div>\n\t\t\t\t\t\t<\/div>\n\t\t\t\t\t<\/div>\n\t\t<\/div>\n\t\t\t\t\t\t\t\t<\/div>\n\t\t\t\t\t<\/div>\n\t\t<\/section>\n\t\t\t\t\t\t<\/div>\n\t\t\t\t\t\t<\/div>\n\t\t\t\t\t<\/div>\n\t\t","protected":false},"excerpt":{"rendered":"<p>\u00a0 Il progetto MATEMATICA, PASSIONE E &#8230; FANTASIA realizzato dalla nostra scuola con l\u2019IIS Federico Caff\u00e8 di Roma e con le scuole romane Giuseppe Bagnera, Fabrizio De Andr\u00e8, Largo Oriani, Mario Lodi, Arturo Toscanini, via Crivelli, via Solidati Tiburzi si \u00e8 classificato tra i 15 finalisti al concorso internazionale Global Junior Challenge per la categoria [&hellip;]<\/p>\n","protected":false},"author":6,"featured_media":0,"parent":0,"menu_order":0,"comment_status":"closed","ping_status":"closed","template":"","meta":[],"yoast_head":"<!-- This site is optimized with the Yoast SEO plugin v18.4.1 - https:\/\/yoast.com\/wordpress\/plugins\/seo\/ -->\n<title>Premio Tullio De Mauro - Scuola Fucini Roncalli<\/title>\n<meta name=\"robots\" content=\"index, follow, max-snippet:-1, max-image-preview:large, max-video-preview:-1\" \/>\n<link rel=\"canonical\" href=\"https:\/\/www.scuolarenatofucini.edu.it\/site\/premio-tullio-de-mauro\/\" \/>\n<meta property=\"og:locale\" content=\"it_IT\" \/>\n<meta property=\"og:type\" content=\"article\" \/>\n<meta property=\"og:title\" content=\"Premio Tullio De Mauro - Scuola Fucini Roncalli\" \/>\n<meta property=\"og:description\" content=\"\u00a0 Il progetto MATEMATICA, PASSIONE E &#8230; FANTASIA realizzato dalla nostra scuola con l\u2019IIS Federico Caff\u00e8 di Roma e con le scuole romane Giuseppe Bagnera, Fabrizio De Andr\u00e8, Largo Oriani, Mario Lodi, Arturo Toscanini, via Crivelli, via Solidati Tiburzi si \u00e8 classificato tra i 15 finalisti al concorso internazionale Global Junior Challenge per la categoria [&hellip;]\" \/>\n<meta property=\"og:url\" content=\"https:\/\/www.scuolarenatofucini.edu.it\/site\/premio-tullio-de-mauro\/\" \/>\n<meta property=\"og:site_name\" content=\"Scuola Fucini Roncalli\" \/>\n<meta property=\"article:modified_time\" content=\"2021-12-02T08:35:10+00:00\" \/>\n<meta property=\"og:image\" content=\"https:\/\/www.scuolarenatofucini.edu.it\/site\/wp-content\/uploads\/2021\/12\/Immagine1-768x277.png\" \/>\n<meta name=\"twitter:card\" content=\"summary_large_image\" \/>\n<meta name=\"twitter:label1\" content=\"Tempo di lettura stimato\" \/>\n\t<meta name=\"twitter:data1\" content=\"2 minuti\" \/>\n<script type=\"application\/ld+json\" class=\"yoast-schema-graph\">{\"@context\":\"https:\/\/schema.org\",\"@graph\":[{\"@type\":\"WebSite\",\"@id\":\"https:\/\/www.scuolarenatofucini.edu.it\/site\/#website\",\"url\":\"https:\/\/www.scuolarenatofucini.edu.it\/site\/\",\"name\":\"Scuola Fucini Roncalli\",\"description\":\"Un nuovo sito targato WordPress\",\"potentialAction\":[{\"@type\":\"SearchAction\",\"target\":{\"@type\":\"EntryPoint\",\"urlTemplate\":\"https:\/\/www.scuolarenatofucini.edu.it\/site\/?s={search_term_string}\"},\"query-input\":\"required name=search_term_string\"}],\"inLanguage\":\"it-IT\"},{\"@type\":\"ImageObject\",\"@id\":\"https:\/\/www.scuolarenatofucini.edu.it\/site\/premio-tullio-de-mauro\/#primaryimage\",\"inLanguage\":\"it-IT\",\"url\":\"https:\/\/www.scuolarenatofucini.edu.it\/site\/wp-content\/uploads\/2021\/12\/Immagine1.png\",\"contentUrl\":\"https:\/\/www.scuolarenatofucini.edu.it\/site\/wp-content\/uploads\/2021\/12\/Immagine1.png\",\"width\":1499,\"height\":540},{\"@type\":\"WebPage\",\"@id\":\"https:\/\/www.scuolarenatofucini.edu.it\/site\/premio-tullio-de-mauro\/#webpage\",\"url\":\"https:\/\/www.scuolarenatofucini.edu.it\/site\/premio-tullio-de-mauro\/\",\"name\":\"Premio Tullio De Mauro - Scuola Fucini Roncalli\",\"isPartOf\":{\"@id\":\"https:\/\/www.scuolarenatofucini.edu.it\/site\/#website\"},\"primaryImageOfPage\":{\"@id\":\"https:\/\/www.scuolarenatofucini.edu.it\/site\/premio-tullio-de-mauro\/#primaryimage\"},\"datePublished\":\"2021-12-01T19:42:44+00:00\",\"dateModified\":\"2021-12-02T08:35:10+00:00\",\"breadcrumb\":{\"@id\":\"https:\/\/www.scuolarenatofucini.edu.it\/site\/premio-tullio-de-mauro\/#breadcrumb\"},\"inLanguage\":\"it-IT\",\"potentialAction\":[{\"@type\":\"ReadAction\",\"target\":[\"https:\/\/www.scuolarenatofucini.edu.it\/site\/premio-tullio-de-mauro\/\"]}]},{\"@type\":\"BreadcrumbList\",\"@id\":\"https:\/\/www.scuolarenatofucini.edu.it\/site\/premio-tullio-de-mauro\/#breadcrumb\",\"itemListElement\":[{\"@type\":\"ListItem\",\"position\":1,\"name\":\"Home\",\"item\":\"https:\/\/www.scuolarenatofucini.edu.it\/site\/\"},{\"@type\":\"ListItem\",\"position\":2,\"name\":\"Premio Tullio De Mauro\"}]}]}<\/script>\n<!-- \/ Yoast SEO plugin. -->","yoast_head_json":{"title":"Premio Tullio De Mauro - Scuola Fucini Roncalli","robots":{"index":"index","follow":"follow","max-snippet":"max-snippet:-1","max-image-preview":"max-image-preview:large","max-video-preview":"max-video-preview:-1"},"canonical":"https:\/\/www.scuolarenatofucini.edu.it\/site\/premio-tullio-de-mauro\/","og_locale":"it_IT","og_type":"article","og_title":"Premio Tullio De Mauro - Scuola Fucini Roncalli","og_description":"\u00a0 Il progetto MATEMATICA, PASSIONE E &#8230; FANTASIA realizzato dalla nostra scuola con l\u2019IIS Federico Caff\u00e8 di Roma e con le scuole romane Giuseppe Bagnera, Fabrizio De Andr\u00e8, Largo Oriani, Mario Lodi, Arturo Toscanini, via Crivelli, via Solidati Tiburzi si \u00e8 classificato tra i 15 finalisti al concorso internazionale Global Junior Challenge per la categoria [&hellip;]","og_url":"https:\/\/www.scuolarenatofucini.edu.it\/site\/premio-tullio-de-mauro\/","og_site_name":"Scuola Fucini Roncalli","article_modified_time":"2021-12-02T08:35:10+00:00","og_image":[{"url":"https:\/\/www.scuolarenatofucini.edu.it\/site\/wp-content\/uploads\/2021\/12\/Immagine1-768x277.png"}],"twitter_card":"summary_large_image","twitter_misc":{"Tempo di lettura stimato":"2 minuti"},"schema":{"@context":"https:\/\/schema.org","@graph":[{"@type":"WebSite","@id":"https:\/\/www.scuolarenatofucini.edu.it\/site\/#website","url":"https:\/\/www.scuolarenatofucini.edu.it\/site\/","name":"Scuola Fucini Roncalli","description":"Un nuovo sito targato WordPress","potentialAction":[{"@type":"SearchAction","target":{"@type":"EntryPoint","urlTemplate":"https:\/\/www.scuolarenatofucini.edu.it\/site\/?s={search_term_string}"},"query-input":"required name=search_term_string"}],"inLanguage":"it-IT"},{"@type":"ImageObject","@id":"https:\/\/www.scuolarenatofucini.edu.it\/site\/premio-tullio-de-mauro\/#primaryimage","inLanguage":"it-IT","url":"https:\/\/www.scuolarenatofucini.edu.it\/site\/wp-content\/uploads\/2021\/12\/Immagine1.png","contentUrl":"https:\/\/www.scuolarenatofucini.edu.it\/site\/wp-content\/uploads\/2021\/12\/Immagine1.png","width":1499,"height":540},{"@type":"WebPage","@id":"https:\/\/www.scuolarenatofucini.edu.it\/site\/premio-tullio-de-mauro\/#webpage","url":"https:\/\/www.scuolarenatofucini.edu.it\/site\/premio-tullio-de-mauro\/","name":"Premio Tullio De Mauro - Scuola Fucini Roncalli","isPartOf":{"@id":"https:\/\/www.scuolarenatofucini.edu.it\/site\/#website"},"primaryImageOfPage":{"@id":"https:\/\/www.scuolarenatofucini.edu.it\/site\/premio-tullio-de-mauro\/#primaryimage"},"datePublished":"2021-12-01T19:42:44+00:00","dateModified":"2021-12-02T08:35:10+00:00","breadcrumb":{"@id":"https:\/\/www.scuolarenatofucini.edu.it\/site\/premio-tullio-de-mauro\/#breadcrumb"},"inLanguage":"it-IT","potentialAction":[{"@type":"ReadAction","target":["https:\/\/www.scuolarenatofucini.edu.it\/site\/premio-tullio-de-mauro\/"]}]},{"@type":"BreadcrumbList","@id":"https:\/\/www.scuolarenatofucini.edu.it\/site\/premio-tullio-de-mauro\/#breadcrumb","itemListElement":[{"@type":"ListItem","position":1,"name":"Home","item":"https:\/\/www.scuolarenatofucini.edu.it\/site\/"},{"@type":"ListItem","position":2,"name":"Premio Tullio De Mauro"}]}]}},"_links":{"self":[{"href":"https:\/\/www.scuolarenatofucini.edu.it\/site\/wp-json\/wp\/v2\/pages\/20269"}],"collection":[{"href":"https:\/\/www.scuolarenatofucini.edu.it\/site\/wp-json\/wp\/v2\/pages"}],"about":[{"href":"https:\/\/www.scuolarenatofucini.edu.it\/site\/wp-json\/wp\/v2\/types\/page"}],"author":[{"embeddable":true,"href":"https:\/\/www.scuolarenatofucini.edu.it\/site\/wp-json\/wp\/v2\/users\/6"}],"replies":[{"embeddable":true,"href":"https:\/\/www.scuolarenatofucini.edu.it\/site\/wp-json\/wp\/v2\/comments?post=20269"}],"version-history":[{"count":36,"href":"https:\/\/www.scuolarenatofucini.edu.it\/site\/wp-json\/wp\/v2\/pages\/20269\/revisions"}],"predecessor-version":[{"id":20363,"href":"https:\/\/www.scuolarenatofucini.edu.it\/site\/wp-json\/wp\/v2\/pages\/20269\/revisions\/20363"}],"wp:attachment":[{"href":"https:\/\/www.scuolarenatofucini.edu.it\/site\/wp-json\/wp\/v2\/media?parent=20269"}],"curies":[{"name":"wp","href":"https:\/\/api.w.org\/{rel}","templated":true}]}}