{"id":24866,"date":"2022-02-17T01:46:30","date_gmt":"2022-02-17T00:46:30","guid":{"rendered":"https:\/\/www.scuolarenatofucini.edu.it\/site\/?page_id=24866"},"modified":"2023-03-06T00:14:24","modified_gmt":"2023-03-05T23:14:24","slug":"gragnaniadi-2","status":"publish","type":"page","link":"https:\/\/www.scuolarenatofucini.edu.it\/site\/gragnaniadi-2\/","title":{"rendered":"Gragnaniadi"},"content":{"rendered":"\t\t<div data-elementor-type=\"wp-page\" data-elementor-id=\"24866\" class=\"elementor elementor-24866\" data-elementor-settings=\"[]\">\n\t\t\t\t\t\t<div class=\"elementor-inner\">\n\t\t\t\t\t\t\t<div class=\"elementor-section-wrap\">\n\t\t\t\t\t\t\t<section class=\"elementor-section elementor-top-section elementor-element elementor-element-c352894 elementor-section-boxed elementor-section-height-default elementor-section-height-default\" data-id=\"c352894\" data-element_type=\"section\">\n\t\t\t\t\t\t<div class=\"elementor-container elementor-column-gap-default\">\n\t\t\t\t\t\t\t<div class=\"elementor-row\">\n\t\t\t\t\t<div class=\"elementor-column elementor-col-100 elementor-top-column elementor-element elementor-element-3ebba91\" data-id=\"3ebba91\" data-element_type=\"column\">\n\t\t\t<div class=\"elementor-column-wrap elementor-element-populated\">\n\t\t\t\t\t\t\t<div class=\"elementor-widget-wrap\">\n\t\t\t\t\t\t<div class=\"elementor-element elementor-element-f0fc7a3 elementor-widget elementor-widget-image\" data-id=\"f0fc7a3\" data-element_type=\"widget\" data-widget_type=\"image.default\">\n\t\t\t\t<div class=\"elementor-widget-container\">\n\t\t\t\t\t\t\t\t<div class=\"elementor-image\">\n\t\t\t\t\t\t\t\t\t<figure class=\"wp-caption\">\n\t\t\t\t\t\t\t\t\t\t<img width=\"300\" height=\"240\" src=\"https:\/\/www.scuolarenatofucini.edu.it\/site\/wp-content\/uploads\/2023\/01\/Gragnaniadi-300x240.png\" class=\"attachment-medium size-medium\" alt=\"\" loading=\"lazy\" srcset=\"https:\/\/www.scuolarenatofucini.edu.it\/site\/wp-content\/uploads\/2023\/01\/Gragnaniadi-300x240.png 300w, https:\/\/www.scuolarenatofucini.edu.it\/site\/wp-content\/uploads\/2023\/01\/Gragnaniadi.png 553w\" sizes=\"(max-width: 300px) 100vw, 300px\" \/>\t\t\t\t\t\t\t\t\t\t\t<figcaption class=\"widget-image-caption wp-caption-text\">Gara di matematica a squadre rivolta agli alunni delle classi prime della Scuola Secondaria di 1\u00b0 grado              .\u201cR. Fucini-Roncalli\u201d di Gragnano.<\/figcaption>\n\t\t\t\t\t\t\t\t\t\t<\/figure>\n\t\t\t\t\t\t\t\t<\/div>\n\t\t\t\t\t\t<\/div>\n\t\t\t\t<\/div>\n\t\t\t\t\t\t<\/div>\n\t\t\t\t\t<\/div>\n\t\t<\/div>\n\t\t\t\t\t\t\t\t<\/div>\n\t\t\t\t\t<\/div>\n\t\t<\/section>\n\t\t\t\t<section class=\"elementor-section elementor-top-section elementor-element elementor-element-2002f71 elementor-section-boxed elementor-section-height-default elementor-section-height-default\" data-id=\"2002f71\" data-element_type=\"section\">\n\t\t\t\t\t\t<div class=\"elementor-container elementor-column-gap-default\">\n\t\t\t\t\t\t\t<div class=\"elementor-row\">\n\t\t\t\t\t<div class=\"elementor-column elementor-col-100 elementor-top-column elementor-element elementor-element-96bddb7\" data-id=\"96bddb7\" data-element_type=\"column\">\n\t\t\t<div class=\"elementor-column-wrap elementor-element-populated\">\n\t\t\t\t\t\t\t<div class=\"elementor-widget-wrap\">\n\t\t\t\t\t\t<div class=\"elementor-element elementor-element-ccbe337 elementor-widget elementor-widget-text-editor\" data-id=\"ccbe337\" data-element_type=\"widget\" data-widget_type=\"text-editor.default\">\n\t\t\t\t<div class=\"elementor-widget-container\">\n\t\t\t\t\t\t\t\t<div class=\"elementor-text-editor elementor-clearfix\">\n\t\t\t\t<p><span style=\"color: #000080;\"><strong>I Giochi Matematici sono delle competizioni matematiche ma che, per affrontarle, non \u00e8 necessaria la conoscenza di nessun teorema particolarmente impegnativo o di formule troppo complicate. Occorre invece la capacit\u00e0 di ragionare, un pizzico di fantasia e quell\u2019intuizione che fa capire che un problema apparentemente difficile \u00e8 in realt\u00e0 pi\u00f9 semplice di quello che si poteva prevedere; occorre soprattutto una voglia matta di giocare e di confrontarsi con se stessi e i compagni. Un gioco matematico \u00e8 un modo appassionante di avvicinarsi alla matematica, di approfondirne alcuni aspetti per chi gi\u00e0 guarda con interesse ai suoi contenuti e di scoprirla sotto una luce nuova per chi finora non aveva trovato le giuste motivazioni. \u00c8 un problema con un enunciato divertente e intrigante, che suscita curiosit\u00e0 e la voglia di fermarsi un po\u2019 a pensare. Meglio ancora se la stessa soluzione sorprender\u00e0 poi per la sua semplicit\u00e0 ed eleganza.<\/strong><\/span><\/p>\t\t\t\t\t<\/div>\n\t\t\t\t\t\t<\/div>\n\t\t\t\t<\/div>\n\t\t\t\t\t\t<\/div>\n\t\t\t\t\t<\/div>\n\t\t<\/div>\n\t\t\t\t\t\t\t\t<\/div>\n\t\t\t\t\t<\/div>\n\t\t<\/section>\n\t\t\t\t<section class=\"elementor-section elementor-top-section elementor-element elementor-element-6b71975 elementor-section-boxed elementor-section-height-default elementor-section-height-default\" data-id=\"6b71975\" data-element_type=\"section\">\n\t\t\t\t\t\t<div class=\"elementor-container elementor-column-gap-default\">\n\t\t\t\t\t\t\t<div class=\"elementor-row\">\n\t\t\t\t\t<div class=\"elementor-column elementor-col-33 elementor-top-column elementor-element elementor-element-5cd929e\" data-id=\"5cd929e\" data-element_type=\"column\">\n\t\t\t<div class=\"elementor-column-wrap elementor-element-populated\">\n\t\t\t\t\t\t\t<div class=\"elementor-widget-wrap\">\n\t\t\t\t\t\t<div class=\"elementor-element elementor-element-e63dcf1 elementor-align-center elementor-button-success elementor-widget elementor-widget-button\" data-id=\"e63dcf1\" data-element_type=\"widget\" data-widget_type=\"button.default\">\n\t\t\t\t<div class=\"elementor-widget-container\">\n\t\t\t\t\t<div class=\"elementor-button-wrapper\">\n\t\t\t<a class=\"elementor-button elementor-size-md\" role=\"button\">\n\t\t\t\t\t\t<span class=\"elementor-button-content-wrapper\">\n\t\t\t\t\t\t<span class=\"elementor-button-icon elementor-align-icon-left\">\n\t\t\t\t<i aria-hidden=\"true\" class=\"far fa-edit\"><\/i>\t\t\t<\/span>\n\t\t\t\t\t\t<span class=\"elementor-button-text\">SECONDA EDIZIONE a.s. 2022-2023<\/span>\n\t\t<\/span>\n\t\t\t\t\t<\/a>\n\t\t<\/div>\n\t\t\t\t<\/div>\n\t\t\t\t<\/div>\n\t\t\t\t\t\t<\/div>\n\t\t\t\t\t<\/div>\n\t\t<\/div>\n\t\t\t\t<div class=\"elementor-column elementor-col-33 elementor-top-column elementor-element elementor-element-2be30a3\" data-id=\"2be30a3\" data-element_type=\"column\">\n\t\t\t<div class=\"elementor-column-wrap\">\n\t\t\t\t\t\t\t<div class=\"elementor-widget-wrap\">\n\t\t\t\t\t\t\t\t<\/div>\n\t\t\t\t\t<\/div>\n\t\t<\/div>\n\t\t\t\t<div class=\"elementor-column elementor-col-33 elementor-top-column elementor-element elementor-element-ca71697\" data-id=\"ca71697\" data-element_type=\"column\">\n\t\t\t<div class=\"elementor-column-wrap\">\n\t\t\t\t\t\t\t<div class=\"elementor-widget-wrap\">\n\t\t\t\t\t\t\t\t<\/div>\n\t\t\t\t\t<\/div>\n\t\t<\/div>\n\t\t\t\t\t\t\t\t<\/div>\n\t\t\t\t\t<\/div>\n\t\t<\/section>\n\t\t\t\t<section class=\"elementor-section elementor-top-section elementor-element elementor-element-2d279ca elementor-section-boxed elementor-section-height-default elementor-section-height-default\" data-id=\"2d279ca\" data-element_type=\"section\">\n\t\t\t\t\t\t<div class=\"elementor-container elementor-column-gap-default\">\n\t\t\t\t\t\t\t<div class=\"elementor-row\">\n\t\t\t\t\t<div class=\"elementor-column elementor-col-33 elementor-top-column elementor-element elementor-element-2f13b13\" data-id=\"2f13b13\" data-element_type=\"column\">\n\t\t\t<div class=\"elementor-column-wrap elementor-element-populated\">\n\t\t\t\t\t\t\t<div class=\"elementor-widget-wrap\">\n\t\t\t\t\t\t<div class=\"elementor-element elementor-element-2294134 elementor-align-center elementor-button-success elementor-widget elementor-widget-button\" data-id=\"2294134\" data-element_type=\"widget\" data-widget_type=\"button.default\">\n\t\t\t\t<div class=\"elementor-widget-container\">\n\t\t\t\t\t<div class=\"elementor-button-wrapper\">\n\t\t\t<a class=\"elementor-button elementor-size-md\" role=\"button\">\n\t\t\t\t\t\t<span class=\"elementor-button-content-wrapper\">\n\t\t\t\t\t\t<span class=\"elementor-button-icon elementor-align-icon-left\">\n\t\t\t\t<i aria-hidden=\"true\" class=\"far fa-edit\"><\/i>\t\t\t<\/span>\n\t\t\t\t\t\t<span class=\"elementor-button-text\">PRIMA EDIZIONE a.s. 2021-2022<\/span>\n\t\t<\/span>\n\t\t\t\t\t<\/a>\n\t\t<\/div>\n\t\t\t\t<\/div>\n\t\t\t\t<\/div>\n\t\t\t\t\t\t<\/div>\n\t\t\t\t\t<\/div>\n\t\t<\/div>\n\t\t\t\t<div class=\"elementor-column elementor-col-33 elementor-top-column elementor-element elementor-element-4c3d1e8\" data-id=\"4c3d1e8\" data-element_type=\"column\">\n\t\t\t<div class=\"elementor-column-wrap\">\n\t\t\t\t\t\t\t<div class=\"elementor-widget-wrap\">\n\t\t\t\t\t\t\t\t<\/div>\n\t\t\t\t\t<\/div>\n\t\t<\/div>\n\t\t\t\t<div class=\"elementor-column elementor-col-33 elementor-top-column elementor-element elementor-element-a901cfe\" data-id=\"a901cfe\" data-element_type=\"column\">\n\t\t\t<div class=\"elementor-column-wrap\">\n\t\t\t\t\t\t\t<div class=\"elementor-widget-wrap\">\n\t\t\t\t\t\t\t\t<\/div>\n\t\t\t\t\t<\/div>\n\t\t<\/div>\n\t\t\t\t\t\t\t\t<\/div>\n\t\t\t\t\t<\/div>\n\t\t<\/section>\n\t\t\t\t<section class=\"elementor-section elementor-top-section elementor-element elementor-element-d2d63c5 elementor-section-boxed elementor-section-height-default elementor-section-height-default\" data-id=\"d2d63c5\" data-element_type=\"section\">\n\t\t\t\t\t\t<div class=\"elementor-container elementor-column-gap-default\">\n\t\t\t\t\t\t\t<div class=\"elementor-row\">\n\t\t\t\t\t<div class=\"elementor-column elementor-col-100 elementor-top-column elementor-element elementor-element-f2f7c51\" data-id=\"f2f7c51\" data-element_type=\"column\">\n\t\t\t<div class=\"elementor-column-wrap elementor-element-populated\">\n\t\t\t\t\t\t\t<div class=\"elementor-widget-wrap\">\n\t\t\t\t\t\t<div class=\"elementor-element elementor-element-a2d8ed0 elementor-widget elementor-widget-spacer\" data-id=\"a2d8ed0\" data-element_type=\"widget\" data-widget_type=\"spacer.default\">\n\t\t\t\t<div class=\"elementor-widget-container\">\n\t\t\t\t\t<div class=\"elementor-spacer\">\n\t\t\t<div class=\"elementor-spacer-inner\"><\/div>\n\t\t<\/div>\n\t\t\t\t<\/div>\n\t\t\t\t<\/div>\n\t\t\t\t\t\t<\/div>\n\t\t\t\t\t<\/div>\n\t\t<\/div>\n\t\t\t\t\t\t\t\t<\/div>\n\t\t\t\t\t<\/div>\n\t\t<\/section>\n\t\t\t\t<section class=\"elementor-section elementor-top-section elementor-element elementor-element-2488bd2 elementor-section-boxed elementor-section-height-default elementor-section-height-default\" data-id=\"2488bd2\" data-element_type=\"section\">\n\t\t\t\t\t\t<div class=\"elementor-container elementor-column-gap-default\">\n\t\t\t\t\t\t\t<div class=\"elementor-row\">\n\t\t\t\t\t<div class=\"elementor-column elementor-col-100 elementor-top-column elementor-element elementor-element-7793a29\" data-id=\"7793a29\" data-element_type=\"column\">\n\t\t\t<div class=\"elementor-column-wrap elementor-element-populated\">\n\t\t\t\t\t\t\t<div class=\"elementor-widget-wrap\">\n\t\t\t\t\t\t<div class=\"elementor-element elementor-element-e148098 elementor-widget elementor-widget-heading\" data-id=\"e148098\" data-element_type=\"widget\" data-widget_type=\"heading.default\">\n\t\t\t\t<div class=\"elementor-widget-container\">\n\t\t\t<h1 class=\"elementor-heading-title elementor-size-default\">Premi a cura di <\/h1>\t\t<\/div>\n\t\t\t\t<\/div>\n\t\t\t\t\t\t<\/div>\n\t\t\t\t\t<\/div>\n\t\t<\/div>\n\t\t\t\t\t\t\t\t<\/div>\n\t\t\t\t\t<\/div>\n\t\t<\/section>\n\t\t\t\t<section class=\"elementor-section elementor-top-section elementor-element elementor-element-3443413 elementor-section-boxed elementor-section-height-default elementor-section-height-default\" data-id=\"3443413\" data-element_type=\"section\">\n\t\t\t\t\t\t<div class=\"elementor-container elementor-column-gap-default\">\n\t\t\t\t\t\t\t<div class=\"elementor-row\">\n\t\t\t\t\t<div class=\"elementor-column elementor-col-100 elementor-top-column elementor-element elementor-element-e3bbc36\" data-id=\"e3bbc36\" data-element_type=\"column\">\n\t\t\t<div class=\"elementor-column-wrap elementor-element-populated\">\n\t\t\t\t\t\t\t<div class=\"elementor-widget-wrap\">\n\t\t\t\t\t\t<div class=\"elementor-element elementor-element-246193e elementor-widget elementor-widget-spacer\" data-id=\"246193e\" data-element_type=\"widget\" data-widget_type=\"spacer.default\">\n\t\t\t\t<div class=\"elementor-widget-container\">\n\t\t\t\t\t<div class=\"elementor-spacer\">\n\t\t\t<div class=\"elementor-spacer-inner\"><\/div>\n\t\t<\/div>\n\t\t\t\t<\/div>\n\t\t\t\t<\/div>\n\t\t\t\t<div class=\"elementor-element elementor-element-48872f8 elementor-widget elementor-widget-spacer\" data-id=\"48872f8\" data-element_type=\"widget\" data-widget_type=\"spacer.default\">\n\t\t\t\t<div class=\"elementor-widget-container\">\n\t\t\t\t\t<div class=\"elementor-spacer\">\n\t\t\t<div class=\"elementor-spacer-inner\"><\/div>\n\t\t<\/div>\n\t\t\t\t<\/div>\n\t\t\t\t<\/div>\n\t\t\t\t\t\t<\/div>\n\t\t\t\t\t<\/div>\n\t\t<\/div>\n\t\t\t\t\t\t\t\t<\/div>\n\t\t\t\t\t<\/div>\n\t\t<\/section>\n\t\t\t\t<section class=\"elementor-section elementor-top-section elementor-element elementor-element-befa69d elementor-section-boxed elementor-section-height-default elementor-section-height-default\" data-id=\"befa69d\" data-element_type=\"section\">\n\t\t\t\t\t\t<div class=\"elementor-container elementor-column-gap-default\">\n\t\t\t\t\t\t\t<div class=\"elementor-row\">\n\t\t\t\t\t<div class=\"elementor-column elementor-col-25 elementor-top-column elementor-element elementor-element-864a8f5\" data-id=\"864a8f5\" data-element_type=\"column\">\n\t\t\t<div class=\"elementor-column-wrap elementor-element-populated\">\n\t\t\t\t\t\t\t<div class=\"elementor-widget-wrap\">\n\t\t\t\t\t\t<div class=\"elementor-element elementor-element-0e3fd58 elementor-widget elementor-widget-image\" data-id=\"0e3fd58\" data-element_type=\"widget\" data-widget_type=\"image.default\">\n\t\t\t\t<div class=\"elementor-widget-container\">\n\t\t\t\t\t\t\t\t<div class=\"elementor-image\">\n\t\t\t\t\t\t\t\t\t\t\t\t<img src=\"https:\/\/www.scuolarenatofucini.edu.it\/site\/wp-content\/uploads\/elementor\/thumbs\/gentile-pfk8wn7wgqhpj17r49bafdub0c1i4lq08u265etii0.jpg\" title=\"gentile\" alt=\"gentile\" \/>\t\t\t\t\t\t\t\t\t\t\t\t\t\t<\/div>\n\t\t\t\t\t\t<\/div>\n\t\t\t\t<\/div>\n\t\t\t\t\t\t<\/div>\n\t\t\t\t\t<\/div>\n\t\t<\/div>\n\t\t\t\t<div class=\"elementor-column elementor-col-25 elementor-top-column elementor-element elementor-element-b9117c5\" data-id=\"b9117c5\" data-element_type=\"column\">\n\t\t\t<div class=\"elementor-column-wrap elementor-element-populated\">\n\t\t\t\t\t\t\t<div class=\"elementor-widget-wrap\">\n\t\t\t\t\t\t<div class=\"elementor-element elementor-element-ab320e5 elementor-widget elementor-widget-image\" data-id=\"ab320e5\" data-element_type=\"widget\" data-widget_type=\"image.default\">\n\t\t\t\t<div class=\"elementor-widget-container\">\n\t\t\t\t\t\t\t\t<div class=\"elementor-image\">\n\t\t\t\t\t\t\t\t\t\t\t\t<img width=\"1024\" height=\"341\" src=\"https:\/\/www.scuolarenatofucini.edu.it\/site\/wp-content\/uploads\/2021\/11\/WhatsApp-Image-2021-11-04-at-13.22.08-1024x341.jpeg\" class=\"attachment-large size-large\" alt=\"\" loading=\"lazy\" srcset=\"https:\/\/www.scuolarenatofucini.edu.it\/site\/wp-content\/uploads\/2021\/11\/WhatsApp-Image-2021-11-04-at-13.22.08-1024x341.jpeg 1024w, https:\/\/www.scuolarenatofucini.edu.it\/site\/wp-content\/uploads\/2021\/11\/WhatsApp-Image-2021-11-04-at-13.22.08-300x100.jpeg 300w, https:\/\/www.scuolarenatofucini.edu.it\/site\/wp-content\/uploads\/2021\/11\/WhatsApp-Image-2021-11-04-at-13.22.08-768x256.jpeg 768w, https:\/\/www.scuolarenatofucini.edu.it\/site\/wp-content\/uploads\/2021\/11\/WhatsApp-Image-2021-11-04-at-13.22.08-1536x512.jpeg 1536w, https:\/\/www.scuolarenatofucini.edu.it\/site\/wp-content\/uploads\/2021\/11\/WhatsApp-Image-2021-11-04-at-13.22.08.jpeg 1600w\" sizes=\"(max-width: 1024px) 100vw, 1024px\" \/>\t\t\t\t\t\t\t\t\t\t\t\t\t\t<\/div>\n\t\t\t\t\t\t<\/div>\n\t\t\t\t<\/div>\n\t\t\t\t\t\t<\/div>\n\t\t\t\t\t<\/div>\n\t\t<\/div>\n\t\t\t\t<div class=\"elementor-column elementor-col-25 elementor-top-column elementor-element elementor-element-7a840bf\" data-id=\"7a840bf\" data-element_type=\"column\">\n\t\t\t<div class=\"elementor-column-wrap\">\n\t\t\t\t\t\t\t<div class=\"elementor-widget-wrap\">\n\t\t\t\t\t\t\t\t<\/div>\n\t\t\t\t\t<\/div>\n\t\t<\/div>\n\t\t\t\t<div class=\"elementor-column elementor-col-25 elementor-top-column elementor-element elementor-element-88d6f54\" data-id=\"88d6f54\" data-element_type=\"column\">\n\t\t\t<div class=\"elementor-column-wrap\">\n\t\t\t\t\t\t\t<div class=\"elementor-widget-wrap\">\n\t\t\t\t\t\t\t\t<\/div>\n\t\t\t\t\t<\/div>\n\t\t<\/div>\n\t\t\t\t\t\t\t\t<\/div>\n\t\t\t\t\t<\/div>\n\t\t<\/section>\n\t\t\t\t\t\t<\/div>\n\t\t\t\t\t\t<\/div>\n\t\t\t\t\t<\/div>\n\t\t","protected":false},"excerpt":{"rendered":"<p>Gara di matematica a squadre rivolta agli alunni delle classi prime della Scuola Secondaria di 1\u00b0 grado .\u201cR. Fucini-Roncalli\u201d di Gragnano. I Giochi Matematici sono delle competizioni matematiche ma che, per affrontarle, non \u00e8 necessaria la conoscenza di nessun teorema particolarmente impegnativo o di formule troppo complicate. Occorre invece la capacit\u00e0 di ragionare, un pizzico [&hellip;]<\/p>\n","protected":false},"author":6,"featured_media":0,"parent":0,"menu_order":0,"comment_status":"closed","ping_status":"closed","template":"","meta":[],"yoast_head":"<!-- This site is optimized with the Yoast SEO plugin v18.4.1 - https:\/\/yoast.com\/wordpress\/plugins\/seo\/ -->\n<title>Gragnaniadi - Scuola Fucini Roncalli<\/title>\n<meta name=\"robots\" content=\"index, follow, max-snippet:-1, max-image-preview:large, max-video-preview:-1\" \/>\n<link rel=\"canonical\" href=\"https:\/\/www.scuolarenatofucini.edu.it\/site\/gragnaniadi-2\/\" \/>\n<meta property=\"og:locale\" content=\"it_IT\" \/>\n<meta property=\"og:type\" content=\"article\" \/>\n<meta property=\"og:title\" content=\"Gragnaniadi - Scuola Fucini Roncalli\" \/>\n<meta property=\"og:description\" content=\"Gara di matematica a squadre rivolta agli alunni delle classi prime della Scuola Secondaria di 1\u00b0 grado .\u201cR. Fucini-Roncalli\u201d di Gragnano. I Giochi Matematici sono delle competizioni matematiche ma che, per affrontarle, non \u00e8 necessaria la conoscenza di nessun teorema particolarmente impegnativo o di formule troppo complicate. Occorre invece la capacit\u00e0 di ragionare, un pizzico [&hellip;]\" \/>\n<meta property=\"og:url\" content=\"https:\/\/www.scuolarenatofucini.edu.it\/site\/gragnaniadi-2\/\" \/>\n<meta property=\"og:site_name\" content=\"Scuola Fucini Roncalli\" \/>\n<meta property=\"article:modified_time\" content=\"2023-03-05T23:14:24+00:00\" \/>\n<meta property=\"og:image\" content=\"https:\/\/www.scuolarenatofucini.edu.it\/site\/wp-content\/uploads\/2023\/01\/Gragnaniadi-300x240.png\" \/>\n<meta name=\"twitter:card\" content=\"summary_large_image\" \/>\n<meta name=\"twitter:label1\" content=\"Tempo di lettura stimato\" \/>\n\t<meta name=\"twitter:data1\" content=\"2 minuti\" \/>\n<script type=\"application\/ld+json\" class=\"yoast-schema-graph\">{\"@context\":\"https:\/\/schema.org\",\"@graph\":[{\"@type\":\"WebSite\",\"@id\":\"https:\/\/www.scuolarenatofucini.edu.it\/site\/#website\",\"url\":\"https:\/\/www.scuolarenatofucini.edu.it\/site\/\",\"name\":\"Scuola Fucini Roncalli\",\"description\":\"Un nuovo sito targato WordPress\",\"potentialAction\":[{\"@type\":\"SearchAction\",\"target\":{\"@type\":\"EntryPoint\",\"urlTemplate\":\"https:\/\/www.scuolarenatofucini.edu.it\/site\/?s={search_term_string}\"},\"query-input\":\"required name=search_term_string\"}],\"inLanguage\":\"it-IT\"},{\"@type\":\"ImageObject\",\"@id\":\"https:\/\/www.scuolarenatofucini.edu.it\/site\/gragnaniadi-2\/#primaryimage\",\"inLanguage\":\"it-IT\",\"url\":\"https:\/\/www.scuolarenatofucini.edu.it\/site\/wp-content\/uploads\/2023\/01\/Gragnaniadi.png\",\"contentUrl\":\"https:\/\/www.scuolarenatofucini.edu.it\/site\/wp-content\/uploads\/2023\/01\/Gragnaniadi.png\",\"width\":553,\"height\":442},{\"@type\":\"WebPage\",\"@id\":\"https:\/\/www.scuolarenatofucini.edu.it\/site\/gragnaniadi-2\/#webpage\",\"url\":\"https:\/\/www.scuolarenatofucini.edu.it\/site\/gragnaniadi-2\/\",\"name\":\"Gragnaniadi - Scuola Fucini Roncalli\",\"isPartOf\":{\"@id\":\"https:\/\/www.scuolarenatofucini.edu.it\/site\/#website\"},\"primaryImageOfPage\":{\"@id\":\"https:\/\/www.scuolarenatofucini.edu.it\/site\/gragnaniadi-2\/#primaryimage\"},\"datePublished\":\"2022-02-17T00:46:30+00:00\",\"dateModified\":\"2023-03-05T23:14:24+00:00\",\"breadcrumb\":{\"@id\":\"https:\/\/www.scuolarenatofucini.edu.it\/site\/gragnaniadi-2\/#breadcrumb\"},\"inLanguage\":\"it-IT\",\"potentialAction\":[{\"@type\":\"ReadAction\",\"target\":[\"https:\/\/www.scuolarenatofucini.edu.it\/site\/gragnaniadi-2\/\"]}]},{\"@type\":\"BreadcrumbList\",\"@id\":\"https:\/\/www.scuolarenatofucini.edu.it\/site\/gragnaniadi-2\/#breadcrumb\",\"itemListElement\":[{\"@type\":\"ListItem\",\"position\":1,\"name\":\"Home\",\"item\":\"https:\/\/www.scuolarenatofucini.edu.it\/site\/\"},{\"@type\":\"ListItem\",\"position\":2,\"name\":\"Gragnaniadi\"}]}]}<\/script>\n<!-- \/ Yoast SEO plugin. -->","yoast_head_json":{"title":"Gragnaniadi - Scuola Fucini Roncalli","robots":{"index":"index","follow":"follow","max-snippet":"max-snippet:-1","max-image-preview":"max-image-preview:large","max-video-preview":"max-video-preview:-1"},"canonical":"https:\/\/www.scuolarenatofucini.edu.it\/site\/gragnaniadi-2\/","og_locale":"it_IT","og_type":"article","og_title":"Gragnaniadi - Scuola Fucini Roncalli","og_description":"Gara di matematica a squadre rivolta agli alunni delle classi prime della Scuola Secondaria di 1\u00b0 grado .\u201cR. Fucini-Roncalli\u201d di Gragnano. I Giochi Matematici sono delle competizioni matematiche ma che, per affrontarle, non \u00e8 necessaria la conoscenza di nessun teorema particolarmente impegnativo o di formule troppo complicate. Occorre invece la capacit\u00e0 di ragionare, un pizzico [&hellip;]","og_url":"https:\/\/www.scuolarenatofucini.edu.it\/site\/gragnaniadi-2\/","og_site_name":"Scuola Fucini Roncalli","article_modified_time":"2023-03-05T23:14:24+00:00","og_image":[{"url":"https:\/\/www.scuolarenatofucini.edu.it\/site\/wp-content\/uploads\/2023\/01\/Gragnaniadi-300x240.png"}],"twitter_card":"summary_large_image","twitter_misc":{"Tempo di lettura stimato":"2 minuti"},"schema":{"@context":"https:\/\/schema.org","@graph":[{"@type":"WebSite","@id":"https:\/\/www.scuolarenatofucini.edu.it\/site\/#website","url":"https:\/\/www.scuolarenatofucini.edu.it\/site\/","name":"Scuola Fucini Roncalli","description":"Un nuovo sito targato WordPress","potentialAction":[{"@type":"SearchAction","target":{"@type":"EntryPoint","urlTemplate":"https:\/\/www.scuolarenatofucini.edu.it\/site\/?s={search_term_string}"},"query-input":"required name=search_term_string"}],"inLanguage":"it-IT"},{"@type":"ImageObject","@id":"https:\/\/www.scuolarenatofucini.edu.it\/site\/gragnaniadi-2\/#primaryimage","inLanguage":"it-IT","url":"https:\/\/www.scuolarenatofucini.edu.it\/site\/wp-content\/uploads\/2023\/01\/Gragnaniadi.png","contentUrl":"https:\/\/www.scuolarenatofucini.edu.it\/site\/wp-content\/uploads\/2023\/01\/Gragnaniadi.png","width":553,"height":442},{"@type":"WebPage","@id":"https:\/\/www.scuolarenatofucini.edu.it\/site\/gragnaniadi-2\/#webpage","url":"https:\/\/www.scuolarenatofucini.edu.it\/site\/gragnaniadi-2\/","name":"Gragnaniadi - Scuola Fucini Roncalli","isPartOf":{"@id":"https:\/\/www.scuolarenatofucini.edu.it\/site\/#website"},"primaryImageOfPage":{"@id":"https:\/\/www.scuolarenatofucini.edu.it\/site\/gragnaniadi-2\/#primaryimage"},"datePublished":"2022-02-17T00:46:30+00:00","dateModified":"2023-03-05T23:14:24+00:00","breadcrumb":{"@id":"https:\/\/www.scuolarenatofucini.edu.it\/site\/gragnaniadi-2\/#breadcrumb"},"inLanguage":"it-IT","potentialAction":[{"@type":"ReadAction","target":["https:\/\/www.scuolarenatofucini.edu.it\/site\/gragnaniadi-2\/"]}]},{"@type":"BreadcrumbList","@id":"https:\/\/www.scuolarenatofucini.edu.it\/site\/gragnaniadi-2\/#breadcrumb","itemListElement":[{"@type":"ListItem","position":1,"name":"Home","item":"https:\/\/www.scuolarenatofucini.edu.it\/site\/"},{"@type":"ListItem","position":2,"name":"Gragnaniadi"}]}]}},"_links":{"self":[{"href":"https:\/\/www.scuolarenatofucini.edu.it\/site\/wp-json\/wp\/v2\/pages\/24866"}],"collection":[{"href":"https:\/\/www.scuolarenatofucini.edu.it\/site\/wp-json\/wp\/v2\/pages"}],"about":[{"href":"https:\/\/www.scuolarenatofucini.edu.it\/site\/wp-json\/wp\/v2\/types\/page"}],"author":[{"embeddable":true,"href":"https:\/\/www.scuolarenatofucini.edu.it\/site\/wp-json\/wp\/v2\/users\/6"}],"replies":[{"embeddable":true,"href":"https:\/\/www.scuolarenatofucini.edu.it\/site\/wp-json\/wp\/v2\/comments?post=24866"}],"version-history":[{"count":73,"href":"https:\/\/www.scuolarenatofucini.edu.it\/site\/wp-json\/wp\/v2\/pages\/24866\/revisions"}],"predecessor-version":[{"id":43583,"href":"https:\/\/www.scuolarenatofucini.edu.it\/site\/wp-json\/wp\/v2\/pages\/24866\/revisions\/43583"}],"wp:attachment":[{"href":"https:\/\/www.scuolarenatofucini.edu.it\/site\/wp-json\/wp\/v2\/media?parent=24866"}],"curies":[{"name":"wp","href":"https:\/\/api.w.org\/{rel}","templated":true}]}}