{"id":24952,"date":"2022-02-17T07:47:41","date_gmt":"2022-02-17T06:47:41","guid":{"rendered":"https:\/\/www.scuolarenatofucini.edu.it\/site\/?page_id=24952"},"modified":"2023-02-04T00:36:32","modified_gmt":"2023-02-03T23:36:32","slug":"gragnaniadi-prima-edizione","status":"publish","type":"page","link":"https:\/\/www.scuolarenatofucini.edu.it\/site\/gragnaniadi-prima-edizione\/","title":{"rendered":"Gragnaniadi Prima Edizione a.s. 2021-2022"},"content":{"rendered":"\t\t<div data-elementor-type=\"wp-page\" data-elementor-id=\"24952\" class=\"elementor elementor-24952\" data-elementor-settings=\"[]\">\n\t\t\t\t\t\t<div class=\"elementor-inner\">\n\t\t\t\t\t\t\t<div class=\"elementor-section-wrap\">\n\t\t\t\t\t\t\t<section class=\"elementor-section elementor-top-section elementor-element elementor-element-93da8e0 elementor-section-boxed elementor-section-height-default elementor-section-height-default\" data-id=\"93da8e0\" data-element_type=\"section\">\n\t\t\t\t\t\t<div class=\"elementor-container elementor-column-gap-default\">\n\t\t\t\t\t\t\t<div class=\"elementor-row\">\n\t\t\t\t\t<div class=\"elementor-column elementor-col-100 elementor-top-column elementor-element elementor-element-da1df30\" data-id=\"da1df30\" data-element_type=\"column\">\n\t\t\t<div class=\"elementor-column-wrap elementor-element-populated\">\n\t\t\t\t\t\t\t<div class=\"elementor-widget-wrap\">\n\t\t\t\t\t\t<div class=\"elementor-element elementor-element-ee25ae1 elementor-widget elementor-widget-heading\" data-id=\"ee25ae1\" data-element_type=\"widget\" data-widget_type=\"heading.default\">\n\t\t\t\t<div class=\"elementor-widget-container\">\n\t\t\t<h2 class=\"elementor-heading-title elementor-size-xl\">GRAGNANIADI\n\n<\/h2>\t\t<\/div>\n\t\t\t\t<\/div>\n\t\t\t\t\t\t<\/div>\n\t\t\t\t\t<\/div>\n\t\t<\/div>\n\t\t\t\t\t\t\t\t<\/div>\n\t\t\t\t\t<\/div>\n\t\t<\/section>\n\t\t\t\t<section class=\"elementor-section elementor-top-section elementor-element elementor-element-585c2c2 elementor-section-boxed elementor-section-height-default elementor-section-height-default\" data-id=\"585c2c2\" data-element_type=\"section\">\n\t\t\t\t\t\t<div class=\"elementor-container elementor-column-gap-default\">\n\t\t\t\t\t\t\t<div class=\"elementor-row\">\n\t\t\t\t\t<div class=\"elementor-column elementor-col-100 elementor-top-column elementor-element elementor-element-c9fb812\" data-id=\"c9fb812\" data-element_type=\"column\">\n\t\t\t<div class=\"elementor-column-wrap elementor-element-populated\">\n\t\t\t\t\t\t\t<div class=\"elementor-widget-wrap\">\n\t\t\t\t\t\t<div class=\"elementor-element elementor-element-873c253 elementor-widget elementor-widget-heading\" data-id=\"873c253\" data-element_type=\"widget\" data-widget_type=\"heading.default\">\n\t\t\t\t<div class=\"elementor-widget-container\">\n\t\t\t<h2 class=\"elementor-heading-title elementor-size-large\">Giochiamo con la matematica<\/h2>\t\t<\/div>\n\t\t\t\t<\/div>\n\t\t\t\t<div class=\"elementor-element elementor-element-2daf067 elementor-widget elementor-widget-heading\" data-id=\"2daf067\" data-element_type=\"widget\" data-widget_type=\"heading.default\">\n\t\t\t\t<div class=\"elementor-widget-container\">\n\t\t\t<h2 class=\"elementor-heading-title elementor-size-medium\">Alla Scuola Secondaria di primo grado \u201cFucini \u2013 Roncalli\u201d di Gragnano la pasta si sposa con la musica e la matematica.<\/h2>\t\t<\/div>\n\t\t\t\t<\/div>\n\t\t\t\t\t\t<\/div>\n\t\t\t\t\t<\/div>\n\t\t<\/div>\n\t\t\t\t\t\t\t\t<\/div>\n\t\t\t\t\t<\/div>\n\t\t<\/section>\n\t\t\t\t<section class=\"elementor-section elementor-top-section elementor-element elementor-element-18b5d76 elementor-section-boxed elementor-section-height-default elementor-section-height-default\" data-id=\"18b5d76\" data-element_type=\"section\">\n\t\t\t\t\t\t<div class=\"elementor-container elementor-column-gap-default\">\n\t\t\t\t\t\t\t<div class=\"elementor-row\">\n\t\t\t\t\t<div class=\"elementor-column elementor-col-100 elementor-top-column elementor-element elementor-element-a615965\" data-id=\"a615965\" data-element_type=\"column\">\n\t\t\t<div class=\"elementor-column-wrap elementor-element-populated\">\n\t\t\t\t\t\t\t<div class=\"elementor-widget-wrap\">\n\t\t\t\t\t\t<div class=\"elementor-element elementor-element-376550c elementor-widget elementor-widget-spacer\" data-id=\"376550c\" data-element_type=\"widget\" data-widget_type=\"spacer.default\">\n\t\t\t\t<div class=\"elementor-widget-container\">\n\t\t\t\t\t<div class=\"elementor-spacer\">\n\t\t\t<div class=\"elementor-spacer-inner\"><\/div>\n\t\t<\/div>\n\t\t\t\t<\/div>\n\t\t\t\t<\/div>\n\t\t\t\t\t\t<\/div>\n\t\t\t\t\t<\/div>\n\t\t<\/div>\n\t\t\t\t\t\t\t\t<\/div>\n\t\t\t\t\t<\/div>\n\t\t<\/section>\n\t\t\t\t<section class=\"elementor-section elementor-top-section elementor-element elementor-element-9869619 elementor-section-boxed elementor-section-height-default elementor-section-height-default\" data-id=\"9869619\" data-element_type=\"section\">\n\t\t\t\t\t\t<div class=\"elementor-container elementor-column-gap-default\">\n\t\t\t\t\t\t\t<div class=\"elementor-row\">\n\t\t\t\t\t<div class=\"elementor-column elementor-col-100 elementor-top-column elementor-element elementor-element-c061c8b\" data-id=\"c061c8b\" data-element_type=\"column\">\n\t\t\t<div class=\"elementor-column-wrap elementor-element-populated\">\n\t\t\t\t\t\t\t<div class=\"elementor-widget-wrap\">\n\t\t\t\t\t\t<div class=\"elementor-element elementor-element-c1477cf elementor-widget elementor-widget-heading\" data-id=\"c1477cf\" data-element_type=\"widget\" data-widget_type=\"heading.default\">\n\t\t\t\t<div class=\"elementor-widget-container\">\n\t\t\t<h2 class=\"elementor-heading-title elementor-size-medium\">Gare a squadre per alunni di due categorie:<\/h2>\t\t<\/div>\n\t\t\t\t<\/div>\n\t\t\t\t\t\t<\/div>\n\t\t\t\t\t<\/div>\n\t\t<\/div>\n\t\t\t\t\t\t\t\t<\/div>\n\t\t\t\t\t<\/div>\n\t\t<\/section>\n\t\t\t\t<section class=\"elementor-section elementor-top-section elementor-element elementor-element-4b69c92 elementor-section-boxed elementor-section-height-default elementor-section-height-default\" data-id=\"4b69c92\" data-element_type=\"section\">\n\t\t\t\t\t\t<div class=\"elementor-container elementor-column-gap-default\">\n\t\t\t\t\t\t\t<div class=\"elementor-row\">\n\t\t\t\t\t<div class=\"elementor-column elementor-col-100 elementor-top-column elementor-element elementor-element-8740118\" data-id=\"8740118\" data-element_type=\"column\">\n\t\t\t<div class=\"elementor-column-wrap elementor-element-populated\">\n\t\t\t\t\t\t\t<div class=\"elementor-widget-wrap\">\n\t\t\t\t\t\t<div class=\"elementor-element elementor-element-27e50b5 elementor-widget elementor-widget-heading\" data-id=\"27e50b5\" data-element_type=\"widget\" data-widget_type=\"heading.default\">\n\t\t\t\t<div class=\"elementor-widget-container\">\n\t\t\t<h2 class=\"elementor-heading-title elementor-size-small\">- Gragnaniadi Junior riservate alle Classi quinte della Scuola Primaria<\/h2>\t\t<\/div>\n\t\t\t\t<\/div>\n\t\t\t\t\t\t<\/div>\n\t\t\t\t\t<\/div>\n\t\t<\/div>\n\t\t\t\t\t\t\t\t<\/div>\n\t\t\t\t\t<\/div>\n\t\t<\/section>\n\t\t\t\t<section class=\"elementor-section elementor-top-section elementor-element elementor-element-3f02901 elementor-section-boxed elementor-section-height-default elementor-section-height-default\" data-id=\"3f02901\" data-element_type=\"section\">\n\t\t\t\t\t\t<div class=\"elementor-container elementor-column-gap-default\">\n\t\t\t\t\t\t\t<div class=\"elementor-row\">\n\t\t\t\t\t<div class=\"elementor-column elementor-col-100 elementor-top-column elementor-element elementor-element-7dc93a5\" data-id=\"7dc93a5\" data-element_type=\"column\">\n\t\t\t<div class=\"elementor-column-wrap elementor-element-populated\">\n\t\t\t\t\t\t\t<div class=\"elementor-widget-wrap\">\n\t\t\t\t\t\t<div class=\"elementor-element elementor-element-12e8951 elementor-widget elementor-widget-heading\" data-id=\"12e8951\" data-element_type=\"widget\" data-widget_type=\"heading.default\">\n\t\t\t\t<div class=\"elementor-widget-container\">\n\t\t\t<h2 class=\"elementor-heading-title elementor-size-small\">- Gragnaniadi riservate alle classi prime della Scuola Secondaria di primo Grado<\/h2>\t\t<\/div>\n\t\t\t\t<\/div>\n\t\t\t\t\t\t<\/div>\n\t\t\t\t\t<\/div>\n\t\t<\/div>\n\t\t\t\t\t\t\t\t<\/div>\n\t\t\t\t\t<\/div>\n\t\t<\/section>\n\t\t\t\t<section class=\"elementor-section elementor-top-section elementor-element elementor-element-b7e604e elementor-section-boxed elementor-section-height-default elementor-section-height-default\" data-id=\"b7e604e\" data-element_type=\"section\">\n\t\t\t\t\t\t<div class=\"elementor-container elementor-column-gap-default\">\n\t\t\t\t\t\t\t<div class=\"elementor-row\">\n\t\t\t\t\t<div class=\"elementor-column elementor-col-100 elementor-top-column elementor-element elementor-element-ccd2e69\" data-id=\"ccd2e69\" data-element_type=\"column\">\n\t\t\t<div class=\"elementor-column-wrap elementor-element-populated\">\n\t\t\t\t\t\t\t<div class=\"elementor-widget-wrap\">\n\t\t\t\t\t\t<div class=\"elementor-element elementor-element-7ebda5d elementor-widget elementor-widget-spacer\" data-id=\"7ebda5d\" data-element_type=\"widget\" data-widget_type=\"spacer.default\">\n\t\t\t\t<div class=\"elementor-widget-container\">\n\t\t\t\t\t<div class=\"elementor-spacer\">\n\t\t\t<div class=\"elementor-spacer-inner\"><\/div>\n\t\t<\/div>\n\t\t\t\t<\/div>\n\t\t\t\t<\/div>\n\t\t\t\t\t\t<\/div>\n\t\t\t\t\t<\/div>\n\t\t<\/div>\n\t\t\t\t\t\t\t\t<\/div>\n\t\t\t\t\t<\/div>\n\t\t<\/section>\n\t\t\t\t<section class=\"elementor-section elementor-top-section elementor-element elementor-element-23182df elementor-section-boxed elementor-section-height-default elementor-section-height-default\" data-id=\"23182df\" data-element_type=\"section\">\n\t\t\t\t\t\t<div class=\"elementor-container elementor-column-gap-default\">\n\t\t\t\t\t\t\t<div class=\"elementor-row\">\n\t\t\t\t\t<div class=\"elementor-column elementor-col-100 elementor-top-column elementor-element elementor-element-09f530c\" data-id=\"09f530c\" data-element_type=\"column\">\n\t\t\t<div class=\"elementor-column-wrap elementor-element-populated\">\n\t\t\t\t\t\t\t<div class=\"elementor-widget-wrap\">\n\t\t\t\t\t\t<div class=\"elementor-element elementor-element-6e44dd1 elementor-widget elementor-widget-text-editor\" data-id=\"6e44dd1\" data-element_type=\"widget\" data-widget_type=\"text-editor.default\">\n\t\t\t\t<div class=\"elementor-widget-container\">\n\t\t\t\t\t\t\t\t<div class=\"elementor-text-editor elementor-clearfix\">\n\t\t\t\t<p>I partecipanti si cimentano nella risoluzione di quesiti logico-matematici, coniugando e miscelando la matematica all\u2019aspetto ludico e creativo.<\/p><p>Ciascun quesito \u00e8 calato in contesti reali quali il mondo della pasta di cui Gragnano \u00e8 ambasciatrice e il mondo della musica al quale la scuola Fucini Roncalli \u00e8 sensibile, avendo ben tre corsi ad indirizzo musicale.<\/p><p>I premi sono cortesemente offerti dal Pastificio Gentile di Gragnano e dalla Scuola di Musica Lunarmonica\u00a0\u00a0con sedi a Gragnano, Pimonte, Agerola, Vico Equense, Castellammare di Stabia e Sant\u2019Antonio Abate.<\/p><p>Per le \u201cGragnaniadi\u201d danno un importante contributo anche i docenti di matematica in pensione, Proff. Silvia Rocco, Margherita Murano e Giuseppe Lavano che faranno parte della commissione di valutazione.<\/p><p>Le gare sono ideate e organizzate dal Dirigente Scolastico Prof. Fiorenzo Gargiulo e dalle referenti d\u2019Istituto dei giochi matematici Prof.sse Gilda Benvenuto e Paola Pianta.<\/p><p>L\u2019iniziativa, che rappresenta una novit\u00e0 per il territorio di Gragnano, pu\u00f2 certamente costituire un contributo efficace e un\u2019occasione per infondere coraggio nei ragazzi facendoli appassionare alla matematica, rimotivare allo studio, recuperare eventuali fragilit\u00e0, stimolare la creativit\u00e0 e potenziare l\u2019uso delle nuove tecnologie.<\/p><p>Il gioco rappresenta una dimensione importante nella vita dei ragazzi e pu\u00f2 diventare un utile strumento didattico facendo leva sulla passione che i giochi matematici sanno mettere in campo.<\/p>\t\t\t\t\t<\/div>\n\t\t\t\t\t\t<\/div>\n\t\t\t\t<\/div>\n\t\t\t\t\t\t<\/div>\n\t\t\t\t\t<\/div>\n\t\t<\/div>\n\t\t\t\t\t\t\t\t<\/div>\n\t\t\t\t\t<\/div>\n\t\t<\/section>\n\t\t\t\t<section class=\"elementor-section elementor-top-section elementor-element elementor-element-7022e71 elementor-section-boxed elementor-section-height-default elementor-section-height-default\" data-id=\"7022e71\" data-element_type=\"section\">\n\t\t\t\t\t\t<div class=\"elementor-container elementor-column-gap-default\">\n\t\t\t\t\t\t\t<div class=\"elementor-row\">\n\t\t\t\t\t<div class=\"elementor-column elementor-col-100 elementor-top-column elementor-element elementor-element-18814ac\" data-id=\"18814ac\" data-element_type=\"column\">\n\t\t\t<div class=\"elementor-column-wrap elementor-element-populated\">\n\t\t\t\t\t\t\t<div class=\"elementor-widget-wrap\">\n\t\t\t\t\t\t<div class=\"elementor-element elementor-element-47b8dcd elementor-widget elementor-widget-spacer\" data-id=\"47b8dcd\" data-element_type=\"widget\" data-widget_type=\"spacer.default\">\n\t\t\t\t<div class=\"elementor-widget-container\">\n\t\t\t\t\t<div class=\"elementor-spacer\">\n\t\t\t<div class=\"elementor-spacer-inner\"><\/div>\n\t\t<\/div>\n\t\t\t\t<\/div>\n\t\t\t\t<\/div>\n\t\t\t\t\t\t<\/div>\n\t\t\t\t\t<\/div>\n\t\t<\/div>\n\t\t\t\t\t\t\t\t<\/div>\n\t\t\t\t\t<\/div>\n\t\t<\/section>\n\t\t\t\t<section class=\"elementor-section elementor-top-section elementor-element elementor-element-a63b56c elementor-section-boxed elementor-section-height-default elementor-section-height-default\" data-id=\"a63b56c\" data-element_type=\"section\">\n\t\t\t\t\t\t<div class=\"elementor-container elementor-column-gap-default\">\n\t\t\t\t\t\t\t<div class=\"elementor-row\">\n\t\t\t\t\t<div class=\"elementor-column elementor-col-33 elementor-top-column elementor-element elementor-element-e66016f\" data-id=\"e66016f\" data-element_type=\"column\">\n\t\t\t<div class=\"elementor-column-wrap elementor-element-populated\">\n\t\t\t\t\t\t\t<div class=\"elementor-widget-wrap\">\n\t\t\t\t\t\t<div class=\"elementor-element elementor-element-34829b5 elementor-widget elementor-widget-image\" data-id=\"34829b5\" data-element_type=\"widget\" data-widget_type=\"image.default\">\n\t\t\t\t<div class=\"elementor-widget-container\">\n\t\t\t\t\t\t\t\t<div class=\"elementor-image\">\n\t\t\t\t\t\t\t\t\t\t\t\t\t<a href=\"https:\/\/www.scuolarenatofucini.edu.it\/site\/gragnaniadi\/\">\n\t\t\t\t\t\t\t<img width=\"568\" height=\"568\" src=\"https:\/\/www.scuolarenatofucini.edu.it\/site\/wp-content\/uploads\/2023\/01\/Gragnaniadi-Junior-1.png\" class=\"attachment-medium_large size-medium_large\" alt=\"\" loading=\"lazy\" srcset=\"https:\/\/www.scuolarenatofucini.edu.it\/site\/wp-content\/uploads\/2023\/01\/Gragnaniadi-Junior-1.png 568w, https:\/\/www.scuolarenatofucini.edu.it\/site\/wp-content\/uploads\/2023\/01\/Gragnaniadi-Junior-1-300x300.png 300w, https:\/\/www.scuolarenatofucini.edu.it\/site\/wp-content\/uploads\/2023\/01\/Gragnaniadi-Junior-1-150x150.png 150w\" sizes=\"(max-width: 568px) 100vw, 568px\" \/>\t\t\t\t\t\t\t\t<\/a>\n\t\t\t\t\t\t\t\t\t\t\t\t\t\t<\/div>\n\t\t\t\t\t\t<\/div>\n\t\t\t\t<\/div>\n\t\t\t\t\t\t<\/div>\n\t\t\t\t\t<\/div>\n\t\t<\/div>\n\t\t\t\t<div class=\"elementor-column elementor-col-33 elementor-top-column elementor-element elementor-element-21fadec\" data-id=\"21fadec\" data-element_type=\"column\">\n\t\t\t<div class=\"elementor-column-wrap\">\n\t\t\t\t\t\t\t<div class=\"elementor-widget-wrap\">\n\t\t\t\t\t\t\t\t<\/div>\n\t\t\t\t\t<\/div>\n\t\t<\/div>\n\t\t\t\t<div class=\"elementor-column elementor-col-33 elementor-top-column elementor-element elementor-element-6f22e55\" data-id=\"6f22e55\" data-element_type=\"column\">\n\t\t\t<div class=\"elementor-column-wrap elementor-element-populated\">\n\t\t\t\t\t\t\t<div class=\"elementor-widget-wrap\">\n\t\t\t\t\t\t<div class=\"elementor-element elementor-element-9c99f43 elementor-widget elementor-widget-image\" data-id=\"9c99f43\" data-element_type=\"widget\" data-widget_type=\"image.default\">\n\t\t\t\t<div class=\"elementor-widget-container\">\n\t\t\t\t\t\t\t\t<div class=\"elementor-image\">\n\t\t\t\t\t\t\t\t\t\t\t\t\t<a href=\"https:\/\/www.scuolarenatofucini.edu.it\/site\/?page_id=24866&#038;preview=true\">\n\t\t\t\t\t\t\t<img src=\"https:\/\/www.scuolarenatofucini.edu.it\/site\/wp-content\/uploads\/2023\/01\/Gragnaniadi.png\" title=\"Gragnaniadi\" alt=\"Gragnaniadi\" \/>\t\t\t\t\t\t\t\t<\/a>\n\t\t\t\t\t\t\t\t\t\t\t\t\t\t<\/div>\n\t\t\t\t\t\t<\/div>\n\t\t\t\t<\/div>\n\t\t\t\t\t\t<\/div>\n\t\t\t\t\t<\/div>\n\t\t<\/div>\n\t\t\t\t\t\t\t\t<\/div>\n\t\t\t\t\t<\/div>\n\t\t<\/section>\n\t\t\t\t\t\t<\/div>\n\t\t\t\t\t\t<\/div>\n\t\t\t\t\t<\/div>\n\t\t","protected":false},"excerpt":{"rendered":"<p>GRAGNANIADI Giochiamo con la matematica Alla Scuola Secondaria di primo grado \u201cFucini \u2013 Roncalli\u201d di Gragnano la pasta si sposa con la musica e la matematica. Gare a squadre per alunni di due categorie: &#8211; Gragnaniadi Junior riservate alle Classi quinte della Scuola Primaria &#8211; Gragnaniadi riservate alle classi prime della Scuola Secondaria di primo [&hellip;]<\/p>\n","protected":false},"author":6,"featured_media":0,"parent":0,"menu_order":0,"comment_status":"closed","ping_status":"closed","template":"","meta":[],"yoast_head":"<!-- This site is optimized with the Yoast SEO plugin v18.4.1 - https:\/\/yoast.com\/wordpress\/plugins\/seo\/ -->\n<title>Gragnaniadi Prima Edizione a.s. 2021-2022 - Scuola Fucini Roncalli<\/title>\n<meta name=\"robots\" content=\"index, follow, max-snippet:-1, max-image-preview:large, max-video-preview:-1\" \/>\n<link rel=\"canonical\" href=\"https:\/\/www.scuolarenatofucini.edu.it\/site\/gragnaniadi-prima-edizione\/\" \/>\n<meta property=\"og:locale\" content=\"it_IT\" \/>\n<meta property=\"og:type\" content=\"article\" \/>\n<meta property=\"og:title\" content=\"Gragnaniadi Prima Edizione a.s. 2021-2022 - Scuola Fucini Roncalli\" \/>\n<meta property=\"og:description\" content=\"GRAGNANIADI Giochiamo con la matematica Alla Scuola Secondaria di primo grado \u201cFucini \u2013 Roncalli\u201d di Gragnano la pasta si sposa con la musica e la matematica. Gare a squadre per alunni di due categorie: &#8211; Gragnaniadi Junior riservate alle Classi quinte della Scuola Primaria &#8211; Gragnaniadi riservate alle classi prime della Scuola Secondaria di primo [&hellip;]\" \/>\n<meta property=\"og:url\" content=\"https:\/\/www.scuolarenatofucini.edu.it\/site\/gragnaniadi-prima-edizione\/\" \/>\n<meta property=\"og:site_name\" content=\"Scuola Fucini Roncalli\" \/>\n<meta property=\"article:modified_time\" content=\"2023-02-03T23:36:32+00:00\" \/>\n<meta property=\"og:image\" content=\"https:\/\/www.scuolarenatofucini.edu.it\/site\/wp-content\/uploads\/2023\/01\/Gragnaniadi-Junior-1.png\" \/>\n<meta name=\"twitter:card\" content=\"summary_large_image\" \/>\n<meta name=\"twitter:label1\" content=\"Tempo di lettura stimato\" \/>\n\t<meta name=\"twitter:data1\" content=\"2 minuti\" \/>\n<script type=\"application\/ld+json\" class=\"yoast-schema-graph\">{\"@context\":\"https:\/\/schema.org\",\"@graph\":[{\"@type\":\"WebSite\",\"@id\":\"https:\/\/www.scuolarenatofucini.edu.it\/site\/#website\",\"url\":\"https:\/\/www.scuolarenatofucini.edu.it\/site\/\",\"name\":\"Scuola Fucini Roncalli\",\"description\":\"Un nuovo sito targato WordPress\",\"potentialAction\":[{\"@type\":\"SearchAction\",\"target\":{\"@type\":\"EntryPoint\",\"urlTemplate\":\"https:\/\/www.scuolarenatofucini.edu.it\/site\/?s={search_term_string}\"},\"query-input\":\"required name=search_term_string\"}],\"inLanguage\":\"it-IT\"},{\"@type\":\"ImageObject\",\"@id\":\"https:\/\/www.scuolarenatofucini.edu.it\/site\/gragnaniadi-prima-edizione\/#primaryimage\",\"inLanguage\":\"it-IT\",\"url\":\"https:\/\/www.scuolarenatofucini.edu.it\/site\/wp-content\/uploads\/2023\/01\/Gragnaniadi-Junior-1.png\",\"contentUrl\":\"https:\/\/www.scuolarenatofucini.edu.it\/site\/wp-content\/uploads\/2023\/01\/Gragnaniadi-Junior-1.png\",\"width\":568,\"height\":568},{\"@type\":\"WebPage\",\"@id\":\"https:\/\/www.scuolarenatofucini.edu.it\/site\/gragnaniadi-prima-edizione\/#webpage\",\"url\":\"https:\/\/www.scuolarenatofucini.edu.it\/site\/gragnaniadi-prima-edizione\/\",\"name\":\"Gragnaniadi Prima Edizione a.s. 2021-2022 - Scuola Fucini Roncalli\",\"isPartOf\":{\"@id\":\"https:\/\/www.scuolarenatofucini.edu.it\/site\/#website\"},\"primaryImageOfPage\":{\"@id\":\"https:\/\/www.scuolarenatofucini.edu.it\/site\/gragnaniadi-prima-edizione\/#primaryimage\"},\"datePublished\":\"2022-02-17T06:47:41+00:00\",\"dateModified\":\"2023-02-03T23:36:32+00:00\",\"breadcrumb\":{\"@id\":\"https:\/\/www.scuolarenatofucini.edu.it\/site\/gragnaniadi-prima-edizione\/#breadcrumb\"},\"inLanguage\":\"it-IT\",\"potentialAction\":[{\"@type\":\"ReadAction\",\"target\":[\"https:\/\/www.scuolarenatofucini.edu.it\/site\/gragnaniadi-prima-edizione\/\"]}]},{\"@type\":\"BreadcrumbList\",\"@id\":\"https:\/\/www.scuolarenatofucini.edu.it\/site\/gragnaniadi-prima-edizione\/#breadcrumb\",\"itemListElement\":[{\"@type\":\"ListItem\",\"position\":1,\"name\":\"Home\",\"item\":\"https:\/\/www.scuolarenatofucini.edu.it\/site\/\"},{\"@type\":\"ListItem\",\"position\":2,\"name\":\"Gragnaniadi Prima Edizione a.s. 2021-2022\"}]}]}<\/script>\n<!-- \/ Yoast SEO plugin. -->","yoast_head_json":{"title":"Gragnaniadi Prima Edizione a.s. 2021-2022 - Scuola Fucini Roncalli","robots":{"index":"index","follow":"follow","max-snippet":"max-snippet:-1","max-image-preview":"max-image-preview:large","max-video-preview":"max-video-preview:-1"},"canonical":"https:\/\/www.scuolarenatofucini.edu.it\/site\/gragnaniadi-prima-edizione\/","og_locale":"it_IT","og_type":"article","og_title":"Gragnaniadi Prima Edizione a.s. 2021-2022 - Scuola Fucini Roncalli","og_description":"GRAGNANIADI Giochiamo con la matematica Alla Scuola Secondaria di primo grado \u201cFucini \u2013 Roncalli\u201d di Gragnano la pasta si sposa con la musica e la matematica. Gare a squadre per alunni di due categorie: &#8211; Gragnaniadi Junior riservate alle Classi quinte della Scuola Primaria &#8211; Gragnaniadi riservate alle classi prime della Scuola Secondaria di primo [&hellip;]","og_url":"https:\/\/www.scuolarenatofucini.edu.it\/site\/gragnaniadi-prima-edizione\/","og_site_name":"Scuola Fucini Roncalli","article_modified_time":"2023-02-03T23:36:32+00:00","og_image":[{"url":"https:\/\/www.scuolarenatofucini.edu.it\/site\/wp-content\/uploads\/2023\/01\/Gragnaniadi-Junior-1.png"}],"twitter_card":"summary_large_image","twitter_misc":{"Tempo di lettura stimato":"2 minuti"},"schema":{"@context":"https:\/\/schema.org","@graph":[{"@type":"WebSite","@id":"https:\/\/www.scuolarenatofucini.edu.it\/site\/#website","url":"https:\/\/www.scuolarenatofucini.edu.it\/site\/","name":"Scuola Fucini Roncalli","description":"Un nuovo sito targato WordPress","potentialAction":[{"@type":"SearchAction","target":{"@type":"EntryPoint","urlTemplate":"https:\/\/www.scuolarenatofucini.edu.it\/site\/?s={search_term_string}"},"query-input":"required name=search_term_string"}],"inLanguage":"it-IT"},{"@type":"ImageObject","@id":"https:\/\/www.scuolarenatofucini.edu.it\/site\/gragnaniadi-prima-edizione\/#primaryimage","inLanguage":"it-IT","url":"https:\/\/www.scuolarenatofucini.edu.it\/site\/wp-content\/uploads\/2023\/01\/Gragnaniadi-Junior-1.png","contentUrl":"https:\/\/www.scuolarenatofucini.edu.it\/site\/wp-content\/uploads\/2023\/01\/Gragnaniadi-Junior-1.png","width":568,"height":568},{"@type":"WebPage","@id":"https:\/\/www.scuolarenatofucini.edu.it\/site\/gragnaniadi-prima-edizione\/#webpage","url":"https:\/\/www.scuolarenatofucini.edu.it\/site\/gragnaniadi-prima-edizione\/","name":"Gragnaniadi Prima Edizione a.s. 2021-2022 - Scuola Fucini Roncalli","isPartOf":{"@id":"https:\/\/www.scuolarenatofucini.edu.it\/site\/#website"},"primaryImageOfPage":{"@id":"https:\/\/www.scuolarenatofucini.edu.it\/site\/gragnaniadi-prima-edizione\/#primaryimage"},"datePublished":"2022-02-17T06:47:41+00:00","dateModified":"2023-02-03T23:36:32+00:00","breadcrumb":{"@id":"https:\/\/www.scuolarenatofucini.edu.it\/site\/gragnaniadi-prima-edizione\/#breadcrumb"},"inLanguage":"it-IT","potentialAction":[{"@type":"ReadAction","target":["https:\/\/www.scuolarenatofucini.edu.it\/site\/gragnaniadi-prima-edizione\/"]}]},{"@type":"BreadcrumbList","@id":"https:\/\/www.scuolarenatofucini.edu.it\/site\/gragnaniadi-prima-edizione\/#breadcrumb","itemListElement":[{"@type":"ListItem","position":1,"name":"Home","item":"https:\/\/www.scuolarenatofucini.edu.it\/site\/"},{"@type":"ListItem","position":2,"name":"Gragnaniadi Prima Edizione a.s. 2021-2022"}]}]}},"_links":{"self":[{"href":"https:\/\/www.scuolarenatofucini.edu.it\/site\/wp-json\/wp\/v2\/pages\/24952"}],"collection":[{"href":"https:\/\/www.scuolarenatofucini.edu.it\/site\/wp-json\/wp\/v2\/pages"}],"about":[{"href":"https:\/\/www.scuolarenatofucini.edu.it\/site\/wp-json\/wp\/v2\/types\/page"}],"author":[{"embeddable":true,"href":"https:\/\/www.scuolarenatofucini.edu.it\/site\/wp-json\/wp\/v2\/users\/6"}],"replies":[{"embeddable":true,"href":"https:\/\/www.scuolarenatofucini.edu.it\/site\/wp-json\/wp\/v2\/comments?post=24952"}],"version-history":[{"count":57,"href":"https:\/\/www.scuolarenatofucini.edu.it\/site\/wp-json\/wp\/v2\/pages\/24952\/revisions"}],"predecessor-version":[{"id":42077,"href":"https:\/\/www.scuolarenatofucini.edu.it\/site\/wp-json\/wp\/v2\/pages\/24952\/revisions\/42077"}],"wp:attachment":[{"href":"https:\/\/www.scuolarenatofucini.edu.it\/site\/wp-json\/wp\/v2\/media?parent=24952"}],"curies":[{"name":"wp","href":"https:\/\/api.w.org\/{rel}","templated":true}]}}